{"id":1003,"date":"2022-02-04T11:53:29","date_gmt":"2022-02-04T11:53:29","guid":{"rendered":"https:\/\/staging.mellowdystudios.com\/?page_id=1003"},"modified":"2023-04-27T07:26:19","modified_gmt":"2023-04-27T07:26:19","slug":"cookies","status":"publish","type":"page","link":"https:\/\/mellowdystudios.com\/de\/cookies\/","title":{"rendered":"Cookies"},"content":{"rendered":"\n<h2 class=\"wp-block-heading\" id=\"block-91d77ed7-f7be-4702-8ca7-fa4ad7325d7d\">Was sind Cookies<\/h2>\n\n\n\n<p>Wie bei fast allen professionellen Websites \u00fcblich, verwendet auch diese Website Cookies, d. h. kleine Dateien, die auf Ihren Computer heruntergeladen werden, um Ihre Erfahrung zu verbessern. Auf dieser Seite wird beschrieben, welche Informationen sie sammeln, wie wir sie verwenden und warum wir diese Cookies manchmal speichern m\u00fcssen. Wir teilen Ihnen auch mit, wie Sie die Speicherung dieser Cookies verhindern k\u00f6nnen, was jedoch zu einer Beeintr\u00e4chtigung bestimmter Funktionen der Website f\u00fchren kann.<\/p>\n\n\n\n<p id=\"block-16c743b3-0b47-4542-a37d-6a1887bd0a0e\">F\u00fcr weitere allgemeine Informationen \u00fcber Cookies lesen Sie bitte <a href=\"https:\/\/mellowdystudios.com\/de\/cookies\/\" target=\"_blank\" rel=\"noreferrer noopener\">&#8220;Was sind Cookies&#8221;<\/a>.<\/p>\n\n\n\n<h2 class=\"wp-block-heading\" id=\"block-753c74ed-e46e-41a9-b53f-2f4033b92a2e\">Wie wir Cookies benutzen<\/h2>\n\n\n\n<p id=\"block-bdbd6a19-e683-4321-967e-52a2bb4103e8\">Wir verwenden Cookies aus einer Reihe von Gr\u00fcnden, die im Folgenden n\u00e4her erl\u00e4utert werden. Leider gibt es in den meisten F\u00e4llen keine branchen\u00fcblichen Optionen zur Deaktivierung von Cookies, ohne die Funktionen und Merkmale, die sie dieser Website hinzuf\u00fcgen, vollst\u00e4ndig zu deaktivieren. Es wird empfohlen, alle Cookies zuzulassen, wenn Sie nicht sicher sind, ob Sie sie ben\u00f6tigen oder nicht, falls sie zur Bereitstellung eines von Ihnen genutzten Dienstes verwendet werden.<\/p>\n\n\n\n<h2 class=\"wp-block-heading\" id=\"block-09ff6b09-d549-4646-a03e-dddca5850f5d\">Deaktivieren von Cookies<\/h2>\n\n\n\n<p id=\"block-0e35cb1d-9c61-40b8-9e5d-6630870a8faf\">Sie k\u00f6nnen das Setzen von Cookies verhindern, indem Sie die Einstellungen Ihres Browsers anpassen (siehe dazu die Hilfe Ihres Browsers). Beachten Sie, dass die Deaktivierung von Cookies die Funktionalit\u00e4t dieser und vieler anderer Websites, die Sie besuchen, beeintr\u00e4chtigen wird. Die Deaktivierung von Cookies f\u00fchrt in der Regel auch zur Deaktivierung bestimmter Funktionen und Merkmale dieser Website. Es wird daher empfohlen, Cookies nicht zu deaktivieren.<\/p>\n\n\n\n<h2 class=\"wp-block-heading\" id=\"block-abd667b1-eb8b-4b87-baf1-85a47fdf47a7\">Die von uns gesetzten Cookies<\/h2>\n\n\n\n<ul class=\"wp-block-list\" id=\"block-185a824b-f8d3-4ee6-9802-6f8c27b28172\">\n<li>Formularebezogene Cookies<\/li>\n<\/ul>\n\n\n\n<p id=\"block-9cff5110-be2b-49f3-ad79-8630e84bdd82\">Wenn Sie Daten \u00fcber ein Formular \u00fcbermitteln, z. B. auf Kontaktseiten oder in Kommentarformularen, k\u00f6nnen Cookies gesetzt werden, um Ihre Benutzerdaten f\u00fcr zuk\u00fcnftige Korrespondenz zu speichern.<\/p>\n\n\n\n<h2 class=\"wp-block-heading\" id=\"block-d7acec6b-e607-4be0-92af-c13a423ce592\">Cookies von Dritten<\/h2>\n\n\n\n<p id=\"block-28d3559f-21c7-4d61-acdb-6b818d7d32fc\">In einigen besonderen F\u00e4llen verwenden wir auch Cookies, die von vertrauensw\u00fcrdigen Dritten bereitgestellt werden. Der folgende Abschnitt beschreibt, welche Cookies von Dritten Sie auf dieser Website finden k\u00f6nnen.<\/p>\n\n\n\n<ul class=\"wp-block-list\" id=\"block-7cbf9b9e-446e-40db-bdb0-f06aaca0c82c\">\n<li>Diese Website verwendet Google Analytics, eine der am weitesten verbreiteten und vertrauensw\u00fcrdigsten Analysel\u00f6sungen im Internet, die uns hilft zu verstehen, wie Sie die Website nutzen und wie wir Ihre Erfahrung verbessern k\u00f6nnen. Diese Cookies k\u00f6nnen Dinge wie Ihre Verweildauer auf der Website und die von Ihnen besuchten Seiten aufzeichnen, damit wir weiterhin ansprechende Inhalte erstellen k\u00f6nnen.<\/li>\n\n\n\n<li>Von Zeit zu Zeit testen wir neue Funktionen und nehmen geringf\u00fcgige \u00c4nderungen an der Art und Weise vor, wie die Website bereitgestellt wird. Wenn wir noch neue Funktionen testen, k\u00f6nnen diese Cookies verwendet werden, um sicherzustellen, dass Sie auf der Website ein einheitliches Erlebnis haben, und um zu verstehen, welche Optimierungen unsere Nutzer am meisten sch\u00e4tzen.<\/li>\n<\/ul>\n\n\n\n<h2 class=\"wp-block-heading\" id=\"block-4ec01c8f-0bff-4131-82bf-a382a20d7839\">Mehr Information<\/h2>\n\n\n\n<p>Wie bereits erw\u00e4hnt, ist es bei Dingen, bei denen Sie sich nicht sicher sind, ob Sie sie ben\u00f6tigen, in der Regel sicherer, die Cookies aktiviert zu lassen, f\u00fcr den Fall, dass sie mit einer der Funktionen interagieren, die Sie auf unserer Website nutzen. Diese Cookie-Richtlinie wurde mit Hilfe des Cookies Policy Template Generator und des Privacy Policy Template Generator erstellt.<\/p>\n\n\n\n<p>Wenn Sie jedoch noch weitere Informationen ben\u00f6tigen, k\u00f6nnen Sie uns \u00fcber eine unserer bevorzugten Kontaktmethoden kontaktieren:<\/p>\n\n\n\n<p id=\"block-b1fc02e1-749f-4d27-b926-f42d9aff9a52\">Email: <a href=\"mailto:contact@mellowdystudios.com\" target=\"_blank\" rel=\"noreferrer noopener\">contact@mellowdystudios.com<\/a><\/p>\n","protected":false},"excerpt":{"rendered":"<p>Was sind Cookies Wie bei fast allen professionellen Websites \u00fcblich, verwendet auch diese Website Cookies, d. h. kleine [&hellip;]<\/p>\n","protected":false},"author":1,"featured_media":0,"parent":0,"menu_order":0,"comment_status":"closed","ping_status":"closed","template":"cookies.php","meta":{"_acf_changed":false,"footnotes":""},"class_list":["post-1003","page","type-page","status-publish","hentry"],"acf":[],"yoast_head":"<!-- This site is optimized with the Yoast SEO plugin v20.13 - https:\/\/yoast.com\/wordpress\/plugins\/seo\/ -->\n<title>Cookies - Mellowdy Studios<\/title>\n<meta name=\"description\" content=\"Polished soundwaves through hi-fi studio gear\" \/>\n<meta name=\"robots\" content=\"index, follow, max-snippet:-1, max-image-preview:large, max-video-preview:-1\" \/>\n<link rel=\"canonical\" href=\"https:\/\/mellowdystudios.com\/de\/cookies\/\" \/>\n<meta property=\"og:locale\" content=\"de_DE\" \/>\n<meta property=\"og:type\" content=\"article\" \/>\n<meta property=\"og:title\" content=\"Cookies - Mellowdy Studios\" \/>\n<meta property=\"og:description\" content=\"Was sind Cookies Wie bei fast allen professionellen Websites \u00fcblich, verwendet auch diese Website Cookies, d. h. kleine [&hellip;]\" \/>\n<meta property=\"og:url\" content=\"https:\/\/mellowdystudios.com\/de\/cookies\/\" \/>\n<meta property=\"og:site_name\" content=\"Mellowdy Studios\" \/>\n<meta property=\"article:modified_time\" content=\"2023-04-27T07:26:19+00:00\" \/>\n<meta name=\"twitter:card\" content=\"summary_large_image\" \/>\n<script type=\"application\/ld+json\" class=\"yoast-schema-graph\">{\"@context\":\"https:\/\/schema.org\",\"@graph\":[{\"@type\":\"WebPage\",\"@id\":\"https:\/\/mellowdystudios.com\/de\/cookies\/\",\"url\":\"https:\/\/mellowdystudios.com\/de\/cookies\/\",\"name\":\"Cookies - Mellowdy Studios\",\"isPartOf\":{\"@id\":\"https:\/\/mellowdystudios.com\/de\/#website\"},\"datePublished\":\"2022-02-04T11:53:29+00:00\",\"dateModified\":\"2023-04-27T07:26:19+00:00\",\"breadcrumb\":{\"@id\":\"https:\/\/mellowdystudios.com\/de\/cookies\/#breadcrumb\"},\"inLanguage\":\"de-DE\",\"potentialAction\":[{\"@type\":\"ReadAction\",\"target\":[\"https:\/\/mellowdystudios.com\/de\/cookies\/\"]}]},{\"@type\":\"BreadcrumbList\",\"@id\":\"https:\/\/mellowdystudios.com\/de\/cookies\/#breadcrumb\",\"itemListElement\":[{\"@type\":\"ListItem\",\"position\":1,\"name\":\"Home\",\"item\":\"https:\/\/mellowdystudios.com\/de\/\"},{\"@type\":\"ListItem\",\"position\":2,\"name\":\"Cookies\"}]},{\"@type\":\"WebSite\",\"@id\":\"https:\/\/mellowdystudios.com\/de\/#website\",\"url\":\"https:\/\/mellowdystudios.com\/de\/\",\"name\":\"Mellowdy Studios\",\"description\":\"Polished soundwaves through hi-fi studio gear\",\"potentialAction\":[{\"@type\":\"SearchAction\",\"target\":{\"@type\":\"EntryPoint\",\"urlTemplate\":\"https:\/\/mellowdystudios.com\/de\/?s={search_term_string}\"},\"query-input\":\"required name=search_term_string\"}],\"inLanguage\":\"de-DE\"}]}<\/script>\n<!-- \/ Yoast SEO plugin. -->","yoast_head_json":{"title":"Cookies - Mellowdy Studios","description":"Polished soundwaves through hi-fi studio gear","robots":{"index":"index","follow":"follow","max-snippet":"max-snippet:-1","max-image-preview":"max-image-preview:large","max-video-preview":"max-video-preview:-1"},"canonical":"https:\/\/mellowdystudios.com\/de\/cookies\/","og_locale":"de_DE","og_type":"article","og_title":"Cookies - Mellowdy Studios","og_description":"Was sind Cookies Wie bei fast allen professionellen Websites \u00fcblich, verwendet auch diese Website Cookies, d. h. kleine [&hellip;]","og_url":"https:\/\/mellowdystudios.com\/de\/cookies\/","og_site_name":"Mellowdy Studios","article_modified_time":"2023-04-27T07:26:19+00:00","twitter_card":"summary_large_image","schema":{"@context":"https:\/\/schema.org","@graph":[{"@type":"WebPage","@id":"https:\/\/mellowdystudios.com\/de\/cookies\/","url":"https:\/\/mellowdystudios.com\/de\/cookies\/","name":"Cookies - Mellowdy Studios","isPartOf":{"@id":"https:\/\/mellowdystudios.com\/de\/#website"},"datePublished":"2022-02-04T11:53:29+00:00","dateModified":"2023-04-27T07:26:19+00:00","breadcrumb":{"@id":"https:\/\/mellowdystudios.com\/de\/cookies\/#breadcrumb"},"inLanguage":"de-DE","potentialAction":[{"@type":"ReadAction","target":["https:\/\/mellowdystudios.com\/de\/cookies\/"]}]},{"@type":"BreadcrumbList","@id":"https:\/\/mellowdystudios.com\/de\/cookies\/#breadcrumb","itemListElement":[{"@type":"ListItem","position":1,"name":"Home","item":"https:\/\/mellowdystudios.com\/de\/"},{"@type":"ListItem","position":2,"name":"Cookies"}]},{"@type":"WebSite","@id":"https:\/\/mellowdystudios.com\/de\/#website","url":"https:\/\/mellowdystudios.com\/de\/","name":"Mellowdy Studios","description":"Polished soundwaves through hi-fi studio gear","potentialAction":[{"@type":"SearchAction","target":{"@type":"EntryPoint","urlTemplate":"https:\/\/mellowdystudios.com\/de\/?s={search_term_string}"},"query-input":"required name=search_term_string"}],"inLanguage":"de-DE"}]}},"_links":{"self":[{"href":"https:\/\/mellowdystudios.com\/de\/wp-json\/wp\/v2\/pages\/1003","targetHints":{"allow":["GET"]}}],"collection":[{"href":"https:\/\/mellowdystudios.com\/de\/wp-json\/wp\/v2\/pages"}],"about":[{"href":"https:\/\/mellowdystudios.com\/de\/wp-json\/wp\/v2\/types\/page"}],"author":[{"embeddable":true,"href":"https:\/\/mellowdystudios.com\/de\/wp-json\/wp\/v2\/users\/1"}],"replies":[{"embeddable":true,"href":"https:\/\/mellowdystudios.com\/de\/wp-json\/wp\/v2\/comments?post=1003"}],"version-history":[{"count":6,"href":"https:\/\/mellowdystudios.com\/de\/wp-json\/wp\/v2\/pages\/1003\/revisions"}],"predecessor-version":[{"id":2474,"href":"https:\/\/mellowdystudios.com\/de\/wp-json\/wp\/v2\/pages\/1003\/revisions\/2474"}],"wp:attachment":[{"href":"https:\/\/mellowdystudios.com\/de\/wp-json\/wp\/v2\/media?parent=1003"}],"curies":[{"name":"wp","href":"https:\/\/api.w.org\/{rel}","templated":true}]}}