{"id":1025,"date":"2022-02-04T11:58:50","date_gmt":"2022-02-04T11:58:50","guid":{"rendered":"https:\/\/staging.mellowdystudios.com\/?page_id=1025"},"modified":"2023-04-27T07:33:49","modified_gmt":"2023-04-27T07:33:49","slug":"privacy-policy","status":"publish","type":"page","link":"https:\/\/mellowdystudios.com\/de\/privacy-policy\/","title":{"rendered":"Datenschutz Erkl\u00e4rung"},"content":{"rendered":"\n<p>In den Mellowdy Studios, erreichbar unter <a href=\"https:\/\/mellowdystudios.com\" target=\"_blank\" rel=\"noreferrer noopener\">https:\/\/mellowdystudios.com<\/a>, ist eine unserer wichtigsten Priorit\u00e4ten der Schutz der Privatsph\u00e4re unserer Besucher. Diese Datenschutzrichtlinie enth\u00e4lt die Arten von Informationen, die von Valid Blocks gesammelt und aufgezeichnet werden, und wie wir sie verwenden.<\/p>\n\n\n\n<p>Wenn Sie weitere Fragen haben oder mehr Informationen \u00fcber unsere Datenschutzpolitik ben\u00f6tigen, z\u00f6gern Sie nicht, uns zu kontaktieren.<\/p>\n\n\n\n<p>Diese Datenschutzpolitik gilt nur f\u00fcr unsere Online-Aktivit\u00e4ten und f\u00fcr die Besucher unserer Website in Bezug auf die Informationen, die sie in Valid Blocks teilen und\/oder sammeln. Diese Richtlinie gilt nicht f\u00fcr Informationen, die offline oder \u00fcber andere Kan\u00e4le als diese Website gesammelt werden.<\/p>\n\n\n\n<p class=\"has-large-font-size\"><strong>Einverst\u00e4ndnis<\/strong><\/p>\n\n\n\n<p>Durch die Nutzung unserer Website erkl\u00e4ren Sie sich mit unserer Datenschutzrichtlinie einverstanden und stimmen deren Bedingungen zu.<\/p>\n\n\n\n<p class=\"has-large-font-size\"><strong>Informationen, die wir sammeln<\/strong><\/p>\n\n\n\n<p>Die personenbezogenen Daten, um die Sie gebeten werden, und die Gr\u00fcnde, warum Sie um diese Daten gebeten werden, werden Ihnen an dem Punkt mitgeteilt, an dem wir Sie um die Angabe Ihrer personenbezogenen Daten bitten.<\/p>\n\n\n\n<p>Wenn Sie sich direkt mit uns in Verbindung setzen, k\u00f6nnen wir zus\u00e4tzliche Informationen \u00fcber Sie erhalten, wie z. B. Ihren Namen, Ihre E-Mail-Adresse, Ihre Telefonnummer, den Inhalt der Nachricht und\/oder Anh\u00e4nge, die Sie uns senden, und andere Informationen, die Sie uns zur Verf\u00fcgung stellen m\u00f6chten.<\/p>\n\n\n\n<p>Wenn Sie sich f\u00fcr ein Konto registrieren, fragen wir Sie m\u00f6glicherweise nach Ihren Kontaktinformationen, wie z. B. Name, Firmenname, Adresse, E-Mail-Adresse und Telefonnummer.<\/p>\n\n\n\n<p class=\"has-large-font-size\"><strong>Wie wir Ihre Informationen verwenden<\/strong><\/p>\n\n\n\n<p>Wir verwenden die von uns gesammelten Informationen auf verschiedene Weise, unter anderem um:<\/p>\n\n\n\n<ul class=\"wp-block-list\">\n<li>Bereitstellung, Betrieb und Wartung unserer Website<\/li>\n\n\n\n<li>um unsere Website zu verbessern, zu personalisieren und zu erweitern<\/li>\n\n\n\n<li>zu verstehen und zu analysieren, wie Sie unsere Website nutzen<\/li>\n\n\n\n<li>Entwicklung neuer Produkte, Dienstleistungen, Merkmale und Funktionen<\/li>\n\n\n\n<li>mit Ihnen zu kommunizieren, entweder direkt oder \u00fcber einen unserer Partner, z. B. im Rahmen des Kundendienstes, um Ihnen Aktualisierungen und andere Informationen in Bezug auf die Website zukommen zu lassen, sowie zu Marketing- und Werbezwecken<\/li>\n\n\n\n<li>Ihnen E-Mails zu senden<\/li>\n\n\n\n<li>um Betrug zu erkennen und zu verhindern<\/li>\n<\/ul>\n\n\n\n<p class=\"has-large-font-size\"><strong>Log-Dateien<\/strong><\/p>\n\n\n\n<p>Mellowdy Studios verwendet standardm\u00e4\u00dfig Protokolldateien. Diese Dateien protokollieren den Besuch von Websites. Alle Hosting-Firmen tun dies und sind Teil der Analytik der Hosting-Dienste. Die von den Log-Dateien gesammelten Informationen umfassen Internet-Protokoll (IP)-Adressen, Browsertyp, Internet Service Provider (ISP), Datums- und Zeitstempel, verweisende\/verlassende Seiten und m\u00f6glicherweise die Anzahl der Klicks. Diese Daten werden nicht mit Informationen verkn\u00fcpft, die eine pers\u00f6nliche Identifizierung erm\u00f6glichen. Der Zweck dieser Informationen ist die Analyse von Trends, die Verwaltung der Website, die Verfolgung der Bewegungen der Benutzer auf der Website und die Erfassung demografischer Informationen. Unsere Datenschutzrichtlinie wurde mit Hilfe des <a href=\"https:\/\/termly.io\/products\/privacy-policy-generator\/\" target=\"_blank\" rel=\"noreferrer noopener\">Datenschutzrichtlinien-Generators<\/a> und der <a href=\"https:\/\/www.privacypolicytemplate.net\/\" target=\"_blank\" rel=\"noreferrer noopener\">Datenschutzrichtlinien-Vorlage<\/a> erstellt.<\/p>\n\n\n\n<p class=\"has-large-font-size\"><strong>Cookies und Web Beacons<\/strong><\/p>\n\n\n\n<p>Wie jede andere Website auch, verwendet Mellowdy Studios &#8220;Cookies&#8221;. Diese Cookies werden verwendet, um Informationen zu speichern, einschlie\u00dflich der Pr\u00e4ferenzen der Besucher und der Seiten auf der Website, auf die der Besucher zugegriffen oder die er besucht hat. Diese Informationen werden verwendet, um das Nutzererlebnis zu optimieren, indem die Inhalte unserer Webseiten auf der Grundlage des Browsertyps des Besuchers und\/oder anderer Informationen angepasst werden.<\/p>\n\n\n\n<p>F\u00fcr weitere allgemeine Informationen \u00fcber Cookies lesen Sie bitte<a href=\"https:\/\/mellowdystudios.com\/de\/cookies\/\" target=\"_blank\" rel=\"noreferrer noopener\"> &#8220;Was sind Cookies&#8221;<\/a> und unsere <a href=\"https:\/\/mellowdystudios.com\/de\/cookies\/\" target=\"_blank\" rel=\"noreferrer noopener\">Cookie-Richtlinie.<\/a><\/p>\n\n\n\n<p class=\"has-large-font-size\"><strong>Datenschutzrichtlinien der Werbepartner<\/strong><\/p>\n\n\n\n<p>Sie k\u00f6nnen diese Liste konsultieren, um die Datenschutzrichtlinien f\u00fcr jeden der Werbepartner von Mellowdy Studios zu finden.<\/p>\n\n\n\n<p>Ad-Server oder Ad-Networks von Drittanbietern verwenden Technologien wie Cookies, JavaScript oder Web Beacons, die in ihren jeweiligen Anzeigen und Links, die auf Mellowdy Studios erscheinen, verwendet werden und direkt an den Browser der Nutzer gesendet werden. Dabei erhalten sie automatisch Ihre IP-Adresse. Diese Technologien werden verwendet, um die Effektivit\u00e4t ihrer Werbekampagnen zu messen und\/oder die Werbeinhalte zu personalisieren, die Sie auf den von Ihnen besuchten Websites sehen.<\/p>\n\n\n\n<p>Bitte beachten Sie, dass Mellowdy Studios keinen Zugriff auf oder Kontrolle \u00fcber diese Cookies hat, die von Drittanbietern verwendet werden.<\/p>\n\n\n\n<p class=\"has-large-font-size\"><strong>Datenschutzrichtlinien von Drittanbietern<\/strong><\/p>\n\n\n\n<p>Die Datenschutzrichtlinie von Mellowdy Studios gilt nicht f\u00fcr andere Werbetreibende oder Websites. Wir raten Ihnen daher, die jeweiligen Datenschutzrichtlinien dieser Werbeserver Dritter zu konsultieren, um genauere Informationen zu erhalten. Sie k\u00f6nnen deren Praktiken und Anweisungen dar\u00fcber enthalten, wie Sie bestimmte Optionen deaktivieren k\u00f6nnen. Eine vollst\u00e4ndige Liste dieser Datenschutzrichtlinien und ihrer Links finden Sie hier<a href=\"https:\/\/mellowdystudios.com\/de\/privacy-policy\/\" target=\"_blank\" rel=\"noreferrer noopener\">: Links zu Datenschutzrichtlinien.<\/a><\/p>\n\n\n\n<p>Sie k\u00f6nnen Cookies \u00fcber die Optionen Ihres Browsers deaktivieren. Ausf\u00fchrlichere Informationen \u00fcber die Cookie-Verwaltung mit bestimmten Webbrowsern finden Sie auf den jeweiligen Websites der Browser. Was sind Cookies?<\/p>\n\n\n\n<p class=\"has-large-font-size\"><strong>CCPA-Datenschutzrechte (Verkaufen Sie meine pers\u00f6nlichen Daten nicht)<\/strong><\/p>\n\n\n\n<p>Nach dem CCPA haben kalifornische Verbraucher neben anderen Rechten das Recht,:<\/p>\n\n\n\n<p>zu verlangen, dass ein Unternehmen, das personenbezogene Daten eines Verbrauchers sammelt, die Kategorien und spezifischen Teile der personenbezogenen Daten offenlegt, die das Unternehmen \u00fcber den Verbraucher gesammelt hat.<\/p>\n\n\n\n<p>von einem Unternehmen die L\u00f6schung aller personenbezogenen Daten zu verlangen, die das Unternehmen \u00fcber den Verbraucher gesammelt hat.<\/p>\n\n\n\n<p>Verlangen, dass ein Unternehmen, das personenbezogene Daten eines Verbrauchers verkauft, die personenbezogenen Daten des Verbrauchers nicht verkauft.<\/p>\n\n\n\n<p>Wenn Sie einen Antrag stellen, haben wir einen Monat Zeit, Ihnen zu antworten. Wenn Sie eines dieser Rechte aus\u00fcben m\u00f6chten, nehmen Sie bitte Kontakt mit uns auf.<\/p>\n\n\n\n<p class=\"has-large-font-size\"><strong>GDPR-Datenschutzrechte<\/strong><\/p>\n\n\n\n<p>Wir m\u00f6chten sicherstellen, dass Sie \u00fcber alle Ihre Datenschutzrechte informiert sind. Jeder Nutzer hat das Recht auf Folgendes:<\/p>\n\n\n\n<p>Das Recht auf Zugang &#8211; Sie haben das Recht, Kopien Ihrer personenbezogenen Daten anzufordern. F\u00fcr diesen Service k\u00f6nnen wir eine geringe Geb\u00fchr verlangen.<\/p>\n\n\n\n<p>Das Recht auf Berichtigung &#8211; Sie haben das Recht, von uns die Berichtigung von Daten zu verlangen, die Sie f\u00fcr unrichtig halten. Sie haben auch das Recht zu verlangen, dass wir die Informationen vervollst\u00e4ndigen, die Sie f\u00fcr unvollst\u00e4ndig halten.<\/p>\n\n\n\n<p>Das Recht auf L\u00f6schung &#8211; Sie haben das Recht, unter bestimmten Bedingungen die L\u00f6schung Ihrer personenbezogenen Daten zu verlangen.<\/p>\n\n\n\n<p>Recht auf Einschr\u00e4nkung der Verarbeitung &#8211; Sie haben das Recht zu verlangen, dass wir die Verarbeitung Ihrer personenbezogenen Daten unter bestimmten Bedingungen einschr\u00e4nken.<\/p>\n\n\n\n<p>Recht auf Widerspruch gegen die Verarbeitung &#8211; Sie haben das Recht, unter bestimmten Bedingungen Widerspruch gegen die Verarbeitung Ihrer personenbezogenen Daten durch uns einzulegen.<\/p>\n\n\n\n<p>Das Recht auf Daten\u00fcbertragbarkeit &#8211; Sie haben das Recht, unter bestimmten Bedingungen zu verlangen, dass wir die von uns erfassten Daten an eine andere Organisation oder direkt an Sie weitergeben.<\/p>\n\n\n\n<p>Wenn Sie einen Antrag stellen, haben wir einen Monat Zeit, um Ihnen zu antworten. Wenn Sie eines dieser Rechte aus\u00fcben m\u00f6chten, wenden Sie sich bitte an uns.<\/p>\n\n\n\n<p class=\"has-large-font-size\"><strong>Informationen f\u00fcr Kinder<\/strong><\/p>\n\n\n\n<p>Ein weiterer Teil unserer Priorit\u00e4t ist der Schutz von Kindern bei der Nutzung des Internets. Wir ermutigen Eltern und Erziehungsberechtigte, ihre Online-Aktivit\u00e4ten zu beobachten, daran teilzunehmen und\/oder sie zu \u00fcberwachen und zu leiten.<\/p>\n\n\n\n<p>Mellowdy Studios sammelt nicht wissentlich personenbezogene Daten von Kindern unter 13 Jahren. Wenn Sie glauben, dass Ihr Kind diese Art von Informationen auf unserer Website zur Verf\u00fcgung gestellt hat, empfehlen wir Ihnen dringend, uns sofort zu kontaktieren, und wir werden unser Bestes tun, um solche Informationen umgehend aus unseren Unterlagen zu entfernen.<\/p>\n","protected":false},"excerpt":{"rendered":"<p>In den Mellowdy Studios, erreichbar unter https:\/\/mellowdystudios.com, ist eine unserer wichtigsten Priorit\u00e4ten der Schutz der Privatsph\u00e4re unserer Besucher. [&hellip;]<\/p>\n","protected":false},"author":1,"featured_media":0,"parent":0,"menu_order":0,"comment_status":"closed","ping_status":"open","template":"policy.php","meta":{"_acf_changed":false,"footnotes":""},"class_list":["post-1025","page","type-page","status-publish","hentry"],"acf":[],"yoast_head":"<!-- This site is optimized with the Yoast SEO plugin v20.13 - https:\/\/yoast.com\/wordpress\/plugins\/seo\/ -->\n<title>Datenschutz Erkl\u00e4rung - Mellowdy Studios<\/title>\n<meta name=\"description\" content=\"Polished soundwaves through hi-fi studio gear\" \/>\n<meta name=\"robots\" content=\"index, follow, max-snippet:-1, max-image-preview:large, max-video-preview:-1\" \/>\n<link rel=\"canonical\" href=\"https:\/\/mellowdystudios.com\/de\/privacy-policy\/\" \/>\n<meta property=\"og:locale\" content=\"de_DE\" \/>\n<meta property=\"og:type\" content=\"article\" \/>\n<meta property=\"og:title\" content=\"Datenschutz Erkl\u00e4rung - Mellowdy Studios\" \/>\n<meta property=\"og:description\" content=\"In den Mellowdy Studios, erreichbar unter https:\/\/mellowdystudios.com, ist eine unserer wichtigsten Priorit\u00e4ten der Schutz der Privatsph\u00e4re unserer Besucher. [&hellip;]\" \/>\n<meta property=\"og:url\" content=\"https:\/\/mellowdystudios.com\/de\/privacy-policy\/\" \/>\n<meta property=\"og:site_name\" content=\"Mellowdy Studios\" \/>\n<meta property=\"article:modified_time\" content=\"2023-04-27T07:33:49+00:00\" \/>\n<meta name=\"twitter:card\" content=\"summary_large_image\" \/>\n<script type=\"application\/ld+json\" class=\"yoast-schema-graph\">{\"@context\":\"https:\/\/schema.org\",\"@graph\":[{\"@type\":\"WebPage\",\"@id\":\"https:\/\/mellowdystudios.com\/de\/privacy-policy\/\",\"url\":\"https:\/\/mellowdystudios.com\/de\/privacy-policy\/\",\"name\":\"Datenschutz Erkl\u00e4rung - Mellowdy Studios\",\"isPartOf\":{\"@id\":\"https:\/\/mellowdystudios.com\/de\/#website\"},\"datePublished\":\"2022-02-04T11:58:50+00:00\",\"dateModified\":\"2023-04-27T07:33:49+00:00\",\"breadcrumb\":{\"@id\":\"https:\/\/mellowdystudios.com\/de\/privacy-policy\/#breadcrumb\"},\"inLanguage\":\"de-DE\",\"potentialAction\":[{\"@type\":\"ReadAction\",\"target\":[\"https:\/\/mellowdystudios.com\/de\/privacy-policy\/\"]}]},{\"@type\":\"BreadcrumbList\",\"@id\":\"https:\/\/mellowdystudios.com\/de\/privacy-policy\/#breadcrumb\",\"itemListElement\":[{\"@type\":\"ListItem\",\"position\":1,\"name\":\"Home\",\"item\":\"https:\/\/mellowdystudios.com\/de\/\"},{\"@type\":\"ListItem\",\"position\":2,\"name\":\"Datenschutz Erkl\u00e4rung\"}]},{\"@type\":\"WebSite\",\"@id\":\"https:\/\/mellowdystudios.com\/de\/#website\",\"url\":\"https:\/\/mellowdystudios.com\/de\/\",\"name\":\"Mellowdy Studios\",\"description\":\"Polished soundwaves through hi-fi studio gear\",\"potentialAction\":[{\"@type\":\"SearchAction\",\"target\":{\"@type\":\"EntryPoint\",\"urlTemplate\":\"https:\/\/mellowdystudios.com\/de\/?s={search_term_string}\"},\"query-input\":\"required name=search_term_string\"}],\"inLanguage\":\"de-DE\"}]}<\/script>\n<!-- \/ Yoast SEO plugin. -->","yoast_head_json":{"title":"Datenschutz Erkl\u00e4rung - Mellowdy Studios","description":"Polished soundwaves through hi-fi studio gear","robots":{"index":"index","follow":"follow","max-snippet":"max-snippet:-1","max-image-preview":"max-image-preview:large","max-video-preview":"max-video-preview:-1"},"canonical":"https:\/\/mellowdystudios.com\/de\/privacy-policy\/","og_locale":"de_DE","og_type":"article","og_title":"Datenschutz Erkl\u00e4rung - Mellowdy Studios","og_description":"In den Mellowdy Studios, erreichbar unter https:\/\/mellowdystudios.com, ist eine unserer wichtigsten Priorit\u00e4ten der Schutz der Privatsph\u00e4re unserer Besucher. [&hellip;]","og_url":"https:\/\/mellowdystudios.com\/de\/privacy-policy\/","og_site_name":"Mellowdy Studios","article_modified_time":"2023-04-27T07:33:49+00:00","twitter_card":"summary_large_image","schema":{"@context":"https:\/\/schema.org","@graph":[{"@type":"WebPage","@id":"https:\/\/mellowdystudios.com\/de\/privacy-policy\/","url":"https:\/\/mellowdystudios.com\/de\/privacy-policy\/","name":"Datenschutz Erkl\u00e4rung - Mellowdy Studios","isPartOf":{"@id":"https:\/\/mellowdystudios.com\/de\/#website"},"datePublished":"2022-02-04T11:58:50+00:00","dateModified":"2023-04-27T07:33:49+00:00","breadcrumb":{"@id":"https:\/\/mellowdystudios.com\/de\/privacy-policy\/#breadcrumb"},"inLanguage":"de-DE","potentialAction":[{"@type":"ReadAction","target":["https:\/\/mellowdystudios.com\/de\/privacy-policy\/"]}]},{"@type":"BreadcrumbList","@id":"https:\/\/mellowdystudios.com\/de\/privacy-policy\/#breadcrumb","itemListElement":[{"@type":"ListItem","position":1,"name":"Home","item":"https:\/\/mellowdystudios.com\/de\/"},{"@type":"ListItem","position":2,"name":"Datenschutz Erkl\u00e4rung"}]},{"@type":"WebSite","@id":"https:\/\/mellowdystudios.com\/de\/#website","url":"https:\/\/mellowdystudios.com\/de\/","name":"Mellowdy Studios","description":"Polished soundwaves through hi-fi studio gear","potentialAction":[{"@type":"SearchAction","target":{"@type":"EntryPoint","urlTemplate":"https:\/\/mellowdystudios.com\/de\/?s={search_term_string}"},"query-input":"required name=search_term_string"}],"inLanguage":"de-DE"}]}},"_links":{"self":[{"href":"https:\/\/mellowdystudios.com\/de\/wp-json\/wp\/v2\/pages\/1025","targetHints":{"allow":["GET"]}}],"collection":[{"href":"https:\/\/mellowdystudios.com\/de\/wp-json\/wp\/v2\/pages"}],"about":[{"href":"https:\/\/mellowdystudios.com\/de\/wp-json\/wp\/v2\/types\/page"}],"author":[{"embeddable":true,"href":"https:\/\/mellowdystudios.com\/de\/wp-json\/wp\/v2\/users\/1"}],"replies":[{"embeddable":true,"href":"https:\/\/mellowdystudios.com\/de\/wp-json\/wp\/v2\/comments?post=1025"}],"version-history":[{"count":9,"href":"https:\/\/mellowdystudios.com\/de\/wp-json\/wp\/v2\/pages\/1025\/revisions"}],"predecessor-version":[{"id":2476,"href":"https:\/\/mellowdystudios.com\/de\/wp-json\/wp\/v2\/pages\/1025\/revisions\/2476"}],"wp:attachment":[{"href":"https:\/\/mellowdystudios.com\/de\/wp-json\/wp\/v2\/media?parent=1025"}],"curies":[{"name":"wp","href":"https:\/\/api.w.org\/{rel}","templated":true}]}}