{"id":71,"date":"2021-08-20T14:24:03","date_gmt":"2021-08-20T14:24:03","guid":{"rendered":"https:\/\/staging.mellowdystudios.com\/?page_id=71"},"modified":"2023-04-27T07:35:32","modified_gmt":"2023-04-27T07:35:32","slug":"cookies","status":"publish","type":"page","link":"https:\/\/mellowdystudios.com\/ro\/cookies\/","title":{"rendered":"Cookies"},"content":{"rendered":"\n<p><\/p>\n\n\n\n<h2 class=\"wp-block-heading\">Ce sunt Cookies<\/h2>\n\n\n\n<p>A\u0219a cum este o practic\u0103 obi\u0219nuit\u0103 pentru aproape toate site-urile web profesionale, acest site utilizeaz\u0103 cookie-uri, care sunt fi\u0219iere mici care sunt desc\u0103rcate pe computerul dumneavoastr\u0103, pentru a v\u0103 \u00eembun\u0103t\u0103\u021bi experien\u021ba. Aceast\u0103 pagin\u0103 descrie informa\u021biile pe care le colecteaz\u0103, modul \u00een care le folosim \u0219i motivul pentru care uneori trebuie s\u0103 stoc\u0103m aceste module cookie. De asemenea, v\u0103 vom spune cum pute\u021bi \u00eempiedica stocarea acestor module cookie, \u00eens\u0103 acest lucru poate reduce sau &#8220;\u00eentrerupe&#8221; anumite elemente ale func\u021bionalit\u0103\u021bii site-ului.<\/p>\n\n\n\n<p>Pentru mai multe informa\u021bii generale despre cookie-uri, v\u0103 rug\u0103m s\u0103 citi\u021bi <a href=\"https:\/\/mellowdystudios.com\/ro\/cookies\/\" target=\"_blank\" rel=\"noreferrer noopener\">\u201cCe sunt Cookies\u201d<\/a>.<\/p>\n\n\n\n<h2 class=\"wp-block-heading\">Cum folosim Cookies<\/h2>\n\n\n\n<p>Utiliz\u0103m cookie-uri pentru o varietate de motive detaliate mai jos. Din p\u0103cate, \u00een majoritatea cazurilor, nu exist\u0103 op\u021biuni standard \u00een industrie pentru dezactivarea cookie-urilor f\u0103r\u0103 a dezactiva complet func\u021bionalitatea \u0219i caracteristicile pe care acestea le adaug\u0103 acestui site. Se recomand\u0103 s\u0103 l\u0103sa\u021bi activate toate modulele cookie dac\u0103 nu sunte\u021bi sigur dac\u0103 ave\u021bi nevoie de ele sau nu, \u00een cazul \u00een care sunt folosite pentru a furniza un serviciu pe care \u00eel utiliza\u021bi.<\/p>\n\n\n\n<h2 class=\"wp-block-heading\">Dezactivarea cookie-urilor<\/h2>\n\n\n\n<p>Pute\u021bi \u00eempiedica setarea modulelor cookie prin ajustarea set\u0103rilor din browserul dumneavoastr\u0103 (consulta\u021bi Ajutorul browserului dumneavoastr\u0103 pentru a afla cum s\u0103 face\u021bi acest lucru). Re\u021bine\u021bi c\u0103 dezactivarea modulelor cookie va afecta func\u021bionalitatea acestui site \u0219i a multor alte site-uri web pe care le vizita\u021bi. Dezactivarea modulelor cookie va duce, de obicei, la dezactivarea anumitor func\u021bionalit\u0103\u021bi \u0219i caracteristici ale acestui site. Prin urmare, v\u0103 recomand\u0103m s\u0103 nu dezactiva\u021bi cookie-urile.<\/p>\n\n\n\n<h2 class=\"wp-block-heading\">Cookie-urile pe care le set\u0103m<\/h2>\n\n\n\n<ul class=\"wp-block-list\">\n<li>Cookie-uri legate de formulare<\/li>\n<\/ul>\n\n\n\n<p>Atunci c\u00e2nd trimite\u021bi date prin intermediul unui formular, cum ar fi cele de pe paginile de contact sau formularele de comentarii, pot fi setate cookie-uri pentru a v\u0103 re\u021bine detaliile de utilizator pentru coresponden\u021ba viitoare.<\/p>\n\n\n\n<h2 class=\"wp-block-heading\">Cookie-uri ter\u021b\u0103 parte<\/h2>\n\n\n\n<p>\u00cen unele cazuri speciale, folosim, de asemenea, cookie-uri furnizate de p\u0103r\u021bi ter\u021be de \u00eencredere. Urm\u0103toarea sec\u021biune detaliaz\u0103 ce cookie-uri de la ter\u021be p\u0103r\u021bi a\u021bi putea \u00eent\u00e2lni prin intermediul acestui site.<\/p>\n\n\n\n<ul class=\"wp-block-list\">\n<li>Acest site utilizeaz\u0103 Google Analytics, una dintre cele mai r\u0103sp\u00e2ndite \u0219i mai de \u00eencredere solu\u021bii de analiz\u0103 de pe internet, pentru a ne ajuta s\u0103 \u00een\u021belegem modul \u00een care utiliza\u021bi site-ul \u0219i modalit\u0103\u021bile prin care v\u0103 putem \u00eembun\u0103t\u0103\u021bi experien\u021ba. Aceste module cookie pot urm\u0103ri lucruri precum timpul pe care \u00eel petrece\u021bi pe site \u0219i paginile pe care le vizita\u021bi, astfel \u00eenc\u00e2t s\u0103 putem continua s\u0103 producem con\u021binut atractiv.<\/li>\n\n\n\n<li>Din c\u00e2nd \u00een c\u00e2nd, test\u0103m noi caracteristici \u0219i facem modific\u0103ri subtile \u00een modul \u00een care este livrat site-ul. Atunci c\u00e2nd \u00eenc\u0103 test\u0103m noi caracteristici, aceste module cookie pot fi utilizate pentru a ne asigura c\u0103 beneficia\u021bi de o experien\u021b\u0103 consecvent\u0103 \u00een timp ce v\u0103 afla\u021bi pe site, asigur\u00e2ndu-ne \u00een acela\u0219i timp c\u0103 \u00een\u021belegem ce optimiz\u0103ri apreciaz\u0103 cel mai mult utilizatorii no\u0219tri.<\/li>\n<\/ul>\n\n\n\n<h2 class=\"wp-block-heading\">Mai multe informa\u021bii<\/h2>\n\n\n\n<p>Sper\u0103m c\u0103 acest lucru a clarificat lucrurile pentru dvs. \u0219i, dup\u0103 cum s-a men\u021bionat anterior, dac\u0103 exist\u0103 ceva de care nu sunte\u021bi sigur c\u0103 ave\u021bi nevoie sau nu, este de obicei mai sigur s\u0103 l\u0103sa\u021bi cookie-urile activate \u00een cazul \u00een care interac\u021bioneaz\u0103 cu una dintre caracteristicile pe care le utiliza\u021bi pe site-ul nostru. Aceast\u0103 Politic\u0103 privind modulele cookie a fost creat\u0103 cu ajutorul Generatorului de \u0219abloane de politici privind modulele cookie \u0219i al Generatorului de \u0219abloane de politici de confiden\u021bialitate.<\/p>\n\n\n\n<p>Cu toate acestea, dac\u0103 sunte\u021bi \u00een continuare \u00een c\u0103utarea mai multor informa\u021bii, atunci ne pute\u021bi contacta prin una dintre metodele noastre preferate de contact:<\/p>\n\n\n\n<p>Email:\u00a0<a href=\"mailto:contact@mellowdystudios.com\" target=\"_blank\" rel=\"noreferrer noopener\">contact@mellowdystudios.com<\/a><\/p>\n","protected":false},"excerpt":{"rendered":"<p>Ce sunt Cookies A\u0219a cum este o practic\u0103 obi\u0219nuit\u0103 pentru aproape toate site-urile web profesionale, acest site utilizeaz\u0103 [&hellip;]<\/p>\n","protected":false},"author":1,"featured_media":0,"parent":0,"menu_order":0,"comment_status":"closed","ping_status":"closed","template":"cookies.php","meta":{"_acf_changed":false,"footnotes":""},"class_list":["post-71","page","type-page","status-publish","hentry"],"acf":[],"yoast_head":"<!-- This site is optimized with the Yoast SEO plugin v20.13 - https:\/\/yoast.com\/wordpress\/plugins\/seo\/ -->\n<title>Cookies - Mellowdy Studios<\/title>\n<meta name=\"description\" content=\"Polished soundwaves through hi-fi studio gear\" \/>\n<meta name=\"robots\" content=\"index, follow, max-snippet:-1, max-image-preview:large, max-video-preview:-1\" \/>\n<link rel=\"canonical\" href=\"https:\/\/mellowdystudios.com\/ro\/cookies\/\" \/>\n<meta property=\"og:locale\" content=\"ro_RO\" \/>\n<meta property=\"og:type\" content=\"article\" \/>\n<meta property=\"og:title\" content=\"Cookies - Mellowdy Studios\" \/>\n<meta property=\"og:description\" content=\"Ce sunt Cookies A\u0219a cum este o practic\u0103 obi\u0219nuit\u0103 pentru aproape toate site-urile web profesionale, acest site utilizeaz\u0103 [&hellip;]\" \/>\n<meta property=\"og:url\" content=\"https:\/\/mellowdystudios.com\/ro\/cookies\/\" \/>\n<meta property=\"og:site_name\" content=\"Mellowdy Studios\" \/>\n<meta property=\"article:modified_time\" content=\"2023-04-27T07:35:32+00:00\" \/>\n<meta name=\"twitter:card\" content=\"summary_large_image\" \/>\n<script type=\"application\/ld+json\" class=\"yoast-schema-graph\">{\"@context\":\"https:\/\/schema.org\",\"@graph\":[{\"@type\":\"WebPage\",\"@id\":\"https:\/\/mellowdystudios.com\/ro\/cookies\/\",\"url\":\"https:\/\/mellowdystudios.com\/ro\/cookies\/\",\"name\":\"Cookies - Mellowdy Studios\",\"isPartOf\":{\"@id\":\"https:\/\/mellowdystudios.com\/ro\/#website\"},\"datePublished\":\"2021-08-20T14:24:03+00:00\",\"dateModified\":\"2023-04-27T07:35:32+00:00\",\"breadcrumb\":{\"@id\":\"https:\/\/mellowdystudios.com\/ro\/cookies\/#breadcrumb\"},\"inLanguage\":\"ro-RO\",\"potentialAction\":[{\"@type\":\"ReadAction\",\"target\":[\"https:\/\/mellowdystudios.com\/ro\/cookies\/\"]}]},{\"@type\":\"BreadcrumbList\",\"@id\":\"https:\/\/mellowdystudios.com\/ro\/cookies\/#breadcrumb\",\"itemListElement\":[{\"@type\":\"ListItem\",\"position\":1,\"name\":\"Home\",\"item\":\"https:\/\/mellowdystudios.com\/ro\/\"},{\"@type\":\"ListItem\",\"position\":2,\"name\":\"Cookies\"}]},{\"@type\":\"WebSite\",\"@id\":\"https:\/\/mellowdystudios.com\/ro\/#website\",\"url\":\"https:\/\/mellowdystudios.com\/ro\/\",\"name\":\"Mellowdy Studios\",\"description\":\"Polished soundwaves through hi-fi studio gear\",\"potentialAction\":[{\"@type\":\"SearchAction\",\"target\":{\"@type\":\"EntryPoint\",\"urlTemplate\":\"https:\/\/mellowdystudios.com\/ro\/?s={search_term_string}\"},\"query-input\":\"required name=search_term_string\"}],\"inLanguage\":\"ro-RO\"}]}<\/script>\n<!-- \/ Yoast SEO plugin. -->","yoast_head_json":{"title":"Cookies - Mellowdy Studios","description":"Polished soundwaves through hi-fi studio gear","robots":{"index":"index","follow":"follow","max-snippet":"max-snippet:-1","max-image-preview":"max-image-preview:large","max-video-preview":"max-video-preview:-1"},"canonical":"https:\/\/mellowdystudios.com\/ro\/cookies\/","og_locale":"ro_RO","og_type":"article","og_title":"Cookies - Mellowdy Studios","og_description":"Ce sunt Cookies A\u0219a cum este o practic\u0103 obi\u0219nuit\u0103 pentru aproape toate site-urile web profesionale, acest site utilizeaz\u0103 [&hellip;]","og_url":"https:\/\/mellowdystudios.com\/ro\/cookies\/","og_site_name":"Mellowdy Studios","article_modified_time":"2023-04-27T07:35:32+00:00","twitter_card":"summary_large_image","schema":{"@context":"https:\/\/schema.org","@graph":[{"@type":"WebPage","@id":"https:\/\/mellowdystudios.com\/ro\/cookies\/","url":"https:\/\/mellowdystudios.com\/ro\/cookies\/","name":"Cookies - Mellowdy Studios","isPartOf":{"@id":"https:\/\/mellowdystudios.com\/ro\/#website"},"datePublished":"2021-08-20T14:24:03+00:00","dateModified":"2023-04-27T07:35:32+00:00","breadcrumb":{"@id":"https:\/\/mellowdystudios.com\/ro\/cookies\/#breadcrumb"},"inLanguage":"ro-RO","potentialAction":[{"@type":"ReadAction","target":["https:\/\/mellowdystudios.com\/ro\/cookies\/"]}]},{"@type":"BreadcrumbList","@id":"https:\/\/mellowdystudios.com\/ro\/cookies\/#breadcrumb","itemListElement":[{"@type":"ListItem","position":1,"name":"Home","item":"https:\/\/mellowdystudios.com\/ro\/"},{"@type":"ListItem","position":2,"name":"Cookies"}]},{"@type":"WebSite","@id":"https:\/\/mellowdystudios.com\/ro\/#website","url":"https:\/\/mellowdystudios.com\/ro\/","name":"Mellowdy Studios","description":"Polished soundwaves through hi-fi studio gear","potentialAction":[{"@type":"SearchAction","target":{"@type":"EntryPoint","urlTemplate":"https:\/\/mellowdystudios.com\/ro\/?s={search_term_string}"},"query-input":"required name=search_term_string"}],"inLanguage":"ro-RO"}]}},"_links":{"self":[{"href":"https:\/\/mellowdystudios.com\/ro\/wp-json\/wp\/v2\/pages\/71","targetHints":{"allow":["GET"]}}],"collection":[{"href":"https:\/\/mellowdystudios.com\/ro\/wp-json\/wp\/v2\/pages"}],"about":[{"href":"https:\/\/mellowdystudios.com\/ro\/wp-json\/wp\/v2\/types\/page"}],"author":[{"embeddable":true,"href":"https:\/\/mellowdystudios.com\/ro\/wp-json\/wp\/v2\/users\/1"}],"replies":[{"embeddable":true,"href":"https:\/\/mellowdystudios.com\/ro\/wp-json\/wp\/v2\/comments?post=71"}],"version-history":[{"count":7,"href":"https:\/\/mellowdystudios.com\/ro\/wp-json\/wp\/v2\/pages\/71\/revisions"}],"predecessor-version":[{"id":2478,"href":"https:\/\/mellowdystudios.com\/ro\/wp-json\/wp\/v2\/pages\/71\/revisions\/2478"}],"wp:attachment":[{"href":"https:\/\/mellowdystudios.com\/ro\/wp-json\/wp\/v2\/media?parent=71"}],"curies":[{"name":"wp","href":"https:\/\/api.w.org\/{rel}","templated":true}]}}