{"id":78,"date":"2021-08-20T14:25:37","date_gmt":"2021-08-20T14:25:37","guid":{"rendered":"https:\/\/staging.mellowdystudios.com\/?page_id=78"},"modified":"2023-04-27T07:45:43","modified_gmt":"2023-04-27T07:45:43","slug":"privacy-policy","status":"publish","type":"page","link":"https:\/\/mellowdystudios.com\/ro\/privacy-policy\/","title":{"rendered":"Politic\u0103 de confiden\u021bialitate"},"content":{"rendered":"\n<p>La Mellowdy Studios, accesibil de pe <a href=\"https:\/\/mellowdystudios.com\/ro\/\" target=\"_blank\" rel=\"noreferrer noopener\">https:\/\/mellowdystudios.com<\/a>, una dintre priorit\u0103\u021bile noastre principale este confiden\u021bialitatea vizitatorilor no\u0219tri. Acest document privind politica de confiden\u021bialitate con\u021bine tipurile de informa\u021bii care sunt colectate \u0219i \u00eenregistrate de Valid Blocks \u0219i modul \u00een care le folosim.<\/p>\n\n\n\n<p>Dac\u0103 ave\u021bi \u00eentreb\u0103ri suplimentare sau ave\u021bi nevoie de mai multe informa\u021bii despre Politica noastr\u0103 de confiden\u021bialitate, nu ezita\u021bi s\u0103 ne contacta\u021bi.<\/p>\n\n\n\n<p>Aceast\u0103 Politic\u0103 de Confiden\u021bialitate se aplic\u0103 doar activit\u0103\u021bilor noastre online \u0219i este valabil\u0103 pentru vizitatorii site-ului nostru \u00een ceea ce prive\u0219te informa\u021biile pe care le-au \u00eemp\u0103rt\u0103\u0219it \u0219i\/sau colectat \u00een Valid Blocks. Aceast\u0103 politic\u0103 nu este aplicabil\u0103 niciunei informa\u021bii colectate offline sau prin alte canale dec\u00e2t acest site web.<\/p>\n\n\n\n<p class=\"has-large-font-size\"><strong>Consim\u021b\u0103m\u00e2nt<\/strong><\/p>\n\n\n\n<p>Prin utilizarea site-ului nostru web, v\u0103 da\u021bi consim\u021b\u0103m\u00e2ntul pentru Politica noastr\u0103 de confiden\u021bialitate \u0219i sunte\u021bi de acord cu termenii acesteia.<\/p>\n\n\n\n<p class=\"has-large-font-size\"><strong>Informa\u021bii pe care le colect\u0103m<\/strong><\/p>\n\n\n\n<p>Informa\u021biile personale pe care vi se cere s\u0103 le furniza\u021bi \u0219i motivele pentru care vi se cere s\u0103 le furniza\u021bi v\u0103 vor fi prezentate \u00een mod clar \u00een momentul \u00een care v\u0103 solicit\u0103m s\u0103 furniza\u021bi informa\u021biile personale.<\/p>\n\n\n\n<p>Dac\u0103 ne contacta\u021bi direct, este posibil s\u0103 primim informa\u021bii suplimentare despre dumneavoastr\u0103, cum ar fi numele dumneavoastr\u0103, adresa de e-mail, num\u0103rul de telefon, con\u021binutul mesajului \u0219i\/sau al ata\u0219amentelor pe care ni le trimite\u021bi \u0219i orice alte informa\u021bii pe care alege\u021bi s\u0103 le furniza\u021bi.<\/p>\n\n\n\n<p>Atunci c\u00e2nd v\u0103 \u00eenregistra\u021bi pentru un Cont, este posibil s\u0103 v\u0103 cerem informa\u021bii de contact, inclusiv elemente precum numele, numele companiei, adresa, adresa de e-mail \u0219i num\u0103rul de telefon.<\/p>\n\n\n\n<p class=\"has-large-font-size\"><strong>Cum folosim informa\u021biile dvs.<\/strong><\/p>\n\n\n\n<p>Utiliz\u0103m informa\u021biile pe care le colect\u0103m \u00een diverse moduri, inclusiv pentru:<\/p>\n\n\n\n<ul class=\"wp-block-list\">\n<li>Furnizarea, operarea \u0219i \u00eentre\u021binerea site-ului nostru web<\/li>\n\n\n\n<li>\u00cembun\u0103t\u0103\u021birea, personalizarea \u0219i extinderea site-ului nostru web<\/li>\n\n\n\n<li>S\u0103 \u00een\u021belegem \u0219i s\u0103 analiz\u0103m modul \u00een care utiliza\u021bi site-ul nostru web<\/li>\n\n\n\n<li>Dezvolt\u0103m noi produse, servicii, caracteristici \u0219i func\u021bionalit\u0103\u021bi<\/li>\n\n\n\n<li>S\u0103 comunic\u0103m cu dumneavoastr\u0103, fie direct, fie prin intermediul unuia dintre partenerii no\u0219tri, inclusiv pentru serviciul clien\u021bi, pentru a v\u0103 furniza actualiz\u0103ri \u0219i alte informa\u021bii legate de site-ul web, precum \u0219i \u00een scopuri de marketing \u0219i promo\u021bionale<\/li>\n\n\n\n<li>S\u0103 v\u0103 trimitem e-mailuri<\/li>\n\n\n\n<li>G\u0103sirea \u0219i prevenirea fraudei<\/li>\n<\/ul>\n\n\n\n<p class=\"has-large-font-size\"><strong>Fi\u0219iere jurnal<\/strong><\/p>\n\n\n\n<p>Mellowdy Studios urmeaz\u0103 o procedur\u0103 standard de utilizare a fi\u0219ierelor jurnal. Aceste fi\u0219iere \u00eenregistreaz\u0103 vizitatorii atunci c\u00e2nd ace\u0219tia viziteaz\u0103 site-urile web. Toate companiile de g\u0103zduire fac acest lucru \u0219i o parte din analiza serviciilor de g\u0103zduire. Informa\u021biile colectate de fi\u0219ierele jurnal includ adresele de protocol internet (IP), tipul de browser, furnizorul de servicii internet (ISP), data \u0219i ora, paginile de trimitere\/ie\u0219ire \u0219i, eventual, num\u0103rul de clicuri. Acestea nu sunt legate de nicio informa\u021bie care s\u0103 poat\u0103 fi identificat\u0103 personal. Scopul acestor informa\u021bii este de a analiza tendin\u021bele, de a administra site-ul, de a urm\u0103ri mi\u0219c\u0103rile utilizatorilor pe site \u0219i de a colecta informa\u021bii demografice. Politica noastr\u0103 de confiden\u021bialitate a fost creat\u0103 cu ajutorul <a href=\"https:\/\/termly.io\/products\/privacy-policy-generator\/\" target=\"_blank\" rel=\"noreferrer noopener\">Generatorului de politici de confiden\u021bialitate<\/a> \u0219i al <a href=\"https:\/\/www.privacypolicytemplate.net\/\" target=\"_blank\" rel=\"noreferrer noopener\">\u0218ablonului de politici de confiden\u021bialitate<\/a>.<\/p>\n\n\n\n<p class=\"has-large-font-size\"><strong>Cookie-uri \u0219i web beacons<\/strong><\/p>\n\n\n\n<p>La fel ca orice alt site web, Mellowdy Studios utilizeaz\u0103 &#8220;module cookie&#8221;. Aceste cookie-uri sunt folosite pentru a stoca informa\u021bii, inclusiv preferin\u021bele vizitatorilor \u0219i paginile de pe site pe care vizitatorul le-a accesat sau le-a vizitat. Informa\u021biile sunt folosite pentru a optimiza experien\u021ba utilizatorilor prin personalizarea con\u021binutului paginilor noastre web pe baza tipului de browser al vizitatorilor \u0219i\/sau a altor informa\u021bii.<\/p>\n\n\n\n<p>Pentru mai multe informa\u021bii generale despre cookie-uri, v\u0103 rug\u0103m s\u0103 citi\u021bi <a href=\"https:\/\/mellowdystudios.com\/ro\/cookies\/\" target=\"_blank\" rel=\"noreferrer noopener\">&#8220;Ce sunt cookie-urile&#8221;<\/a> \u0219i<a href=\"https:\/\/mellowdystudios.com\/ro\/cookies\/\" target=\"_blank\" rel=\"noreferrer noopener\"> Politica noastr\u0103 privind cookie-urile<\/a>.<\/p>\n\n\n\n<p class=\"has-large-font-size\"><strong>Politicile de confiden\u021bialitate de publicitate ale partenerilor<\/strong><\/p>\n\n\n\n<p>Pute\u021bi consulta aceast\u0103 list\u0103 pentru a g\u0103si Politica de confiden\u021bialitate pentru fiecare dintre partenerii publicitari ai Mellowdy Studios.<\/p>\n\n\n\n<p>Serverele de publicitate sau re\u021belele de publicitate ter\u021be utilizeaz\u0103 tehnologii precum cookie-uri, JavaScript sau Web Beacons care sunt utilizate \u00een reclamele \u0219i link-urile respective care apar pe Mellowdy Studios, care sunt trimise direct c\u0103tre browserul utilizatorilor. Ace\u0219tia primesc \u00een mod automat adresa dumneavoastr\u0103 IP atunci c\u00e2nd acest lucru se \u00eent\u00e2mpl\u0103. Aceste tehnologii sunt utilizate pentru a m\u0103sura eficien\u021ba campaniilor lor publicitare \u0219i\/sau pentru a personaliza con\u021binutul publicitar pe care \u00eel vede\u021bi pe site-urile web pe care le vizita\u021bi.<\/p>\n\n\n\n<p>Re\u021bine\u021bi c\u0103 Mellowdy Studios nu are acces sau control asupra acestor cookie-uri care sunt utilizate de c\u0103tre agen\u021bii de publicitate ter\u021bi.<\/p>\n\n\n\n<p class=\"has-large-font-size\"><strong>Politicile de confiden\u021bialitate ale ter\u021bilor<\/strong><\/p>\n\n\n\n<p>Politica de confiden\u021bialitate a Mellowdy Studios nu se aplic\u0103 altor agen\u021bi de publicitate sau site-uri web. Astfel, v\u0103 sf\u0103tuim s\u0103 consulta\u021bi Politicile de confiden\u021bialitate respective ale acestor servere de publicitate ter\u021be pentru informa\u021bii mai detaliate. Aceasta poate include practicile acestora \u0219i instruc\u021biuni despre cum s\u0103 renun\u021ba\u021bi la anumite op\u021biuni. Pute\u021bi g\u0103si o list\u0103 complet\u0103 a acestor Politici de confiden\u021bialitate \u0219i a link-urilor lor aici: <a href=\"https:\/\/mellowdystudios.com\/ro\/privacy-policy\/\" target=\"_blank\" rel=\"noreferrer noopener\">Linkuri la Politicile de confiden\u021bialitate.<\/a><\/p>\n\n\n\n<p>Pute\u021bi alege s\u0103 dezactiva\u021bi cookie-urile prin intermediul op\u021biunilor individuale ale browserului dumneavoastr\u0103. Pentru a afla informa\u021bii mai detaliate despre gestionarea modulelor cookie cu browsere web specifice, acestea pot fi g\u0103site pe site-urile web respective ale browserelor. Ce sunt modulele cookie?<\/p>\n\n\n\n<p class=\"has-large-font-size\"><strong>Drepturile de confiden\u021bialitate ale CCPA (Nu-mi vinde\u021bi informa\u021biile personale)<\/strong><\/p>\n\n\n\n<p>\u00cen conformitate cu CCPA, printre alte drepturi, consumatorii din California au dreptul la:<\/p>\n\n\n\n<p>S\u0103 solicite ca o \u00eentreprindere care colecteaz\u0103 datele cu caracter personal ale unui consumator s\u0103 dezv\u0103luie categoriile \u0219i elementele specifice de date cu caracter personal pe care o \u00eentreprindere le-a colectat despre consumatori.<\/p>\n\n\n\n<p>s\u0103 solicite ca o \u00eentreprindere s\u0103 \u0219tearg\u0103 orice date cu caracter personal pe care le-a colectat despre consumator.<\/p>\n\n\n\n<p>s\u0103 solicite ca o \u00eentreprindere care vinde datele cu caracter personal ale unui consumator s\u0103 nu v\u00e2nd\u0103 datele cu caracter personal ale acestuia.<\/p>\n\n\n\n<p>Dac\u0103 face\u021bi o cerere, avem la dispozi\u021bie o lun\u0103 pentru a v\u0103 r\u0103spunde. Dac\u0103 dori\u021bi s\u0103 v\u0103 exercita\u021bi oricare dintre aceste drepturi, v\u0103 rug\u0103m s\u0103 ne contacta\u021bi.<\/p>\n\n\n\n<p class=\"has-large-font-size\"><strong>Drepturile de protec\u021bie a datelor GDPR<\/strong><\/p>\n\n\n\n<p>Dorim s\u0103 ne asigur\u0103m c\u0103 sunte\u021bi pe deplin con\u0219tien\u021bi de toate drepturile dumneavoastr\u0103 privind protec\u021bia datelor. Fiecare utilizator are dreptul la urm\u0103toarele:<\/p>\n\n\n\n<p>Dreptul de acces &#8211; Ave\u021bi dreptul de a solicita copii ale datelor dvs. personale. Este posibil s\u0103 v\u0103 percepem o mic\u0103 tax\u0103 pentru acest serviciu.<\/p>\n\n\n\n<p>Dreptul la rectificare &#8211; Ave\u021bi dreptul de a ne solicita s\u0103 corect\u0103m orice informa\u021bie pe care o considera\u021bi inexact\u0103. De asemenea, ave\u021bi dreptul de a ne solicita s\u0103 complet\u0103m informa\u021biile pe care le considera\u021bi incomplete.<\/p>\n\n\n\n<p>Dreptul la \u0219tergere &#8211; Ave\u021bi dreptul de a ne solicita s\u0103 \u0219tergem datele dvs. personale, \u00een anumite condi\u021bii.<\/p>\n\n\n\n<p>Dreptul la restric\u021bionarea prelucr\u0103rii &#8211; Ave\u021bi dreptul de a ne solicita s\u0103 restric\u021bion\u0103m prelucrarea datelor dvs. personale, \u00een anumite condi\u021bii.<\/p>\n\n\n\n<p>Dreptul de a v\u0103 opune prelucr\u0103rii &#8211; Ave\u021bi dreptul de a v\u0103 opune prelucr\u0103rii de c\u0103tre noi a datelor dvs. personale, \u00een anumite condi\u021bii.<\/p>\n\n\n\n<p>Dreptul la portabilitatea datelor &#8211; Ave\u021bi dreptul de a ne solicita s\u0103 transfer\u0103m datele pe care le-am colectat c\u0103tre o alt\u0103 organiza\u021bie sau direct c\u0103tre dumneavoastr\u0103, \u00een anumite condi\u021bii.<\/p>\n\n\n\n<p>Dac\u0103 face\u021bi o cerere, avem la dispozi\u021bie o lun\u0103 pentru a v\u0103 r\u0103spunde. Dac\u0103 dori\u021bi s\u0103 v\u0103 exercita\u021bi oricare dintre aceste drepturi, v\u0103 rug\u0103m s\u0103 ne contacta\u021bi.<\/p>\n\n\n\n<p class=\"has-large-font-size\"><strong>Informa\u021bii pentru copii<\/strong><\/p>\n\n\n\n<p>O alt\u0103 parte a priorit\u0103\u021bii noastre este ad\u0103ugarea de protec\u021bie pentru copii \u00een timpul utiliz\u0103rii internetului. \u00cencuraj\u0103m p\u0103rin\u021bii \u0219i tutorii s\u0103 observe, s\u0103 participe \u0219i\/sau s\u0103 monitorizeze \u0219i s\u0103 \u00eendrume activitatea lor online.<\/p>\n\n\n\n<p>Mellowdy Studios nu colecteaz\u0103 cu bun\u0103 \u0219tiin\u021b\u0103 nicio informa\u021bie de identificare personal\u0103 de la copii cu v\u00e2rsta sub 13 ani. Dac\u0103 crede\u021bi c\u0103 copilul dvs. a furnizat acest tip de informa\u021bii pe site-ul nostru, v\u0103 \u00eencuraj\u0103m s\u0103 ne contacta\u021bi imediat \u0219i vom face tot posibilul pentru a elimina imediat aceste informa\u021bii din eviden\u021bele noastre.<\/p>\n\n\n\n<p>Informa\u021bii pentru copii<\/p>\n\n\n\n<p>O alt\u0103 parte a priorit\u0103\u021bii noastre este de a ad\u0103uga protec\u021bie pentru copii \u00een timpul utiliz\u0103rii internetului. \u00cencuraj\u0103m p\u0103rin\u021bii \u0219i tutorii s\u0103 observe, s\u0103 participe \u0219i\/sau s\u0103 monitorizeze \u0219i s\u0103 \u00eendrume activitatea online a copiilor.<\/p>\n\n\n\n<p>Mellowdy Studios nu colecteaz\u0103 cu bun\u0103 \u0219tiin\u021b\u0103 nicio informa\u021bie de identificare personal\u0103 de la copii cu v\u00e2rsta sub 13 ani. Dac\u0103 crede\u021bi c\u0103 copilul dvs. a furnizat acest tip de informa\u021bii pe site-ul nostru, v\u0103 \u00eencuraj\u0103m s\u0103 ne contacta\u021bi imediat \u0219i vom face fa\u021b\u0103 tot posibilul pentru a elimina imediat aceste informa\u021bii din eviden\u021bele noastre.<\/p>\n","protected":false},"excerpt":{"rendered":"<p>La Mellowdy Studios, accesibil de pe https:\/\/mellowdystudios.com, una dintre priorit\u0103\u021bile noastre principale este confiden\u021bialitatea vizitatorilor no\u0219tri. Acest document [&hellip;]<\/p>\n","protected":false},"author":1,"featured_media":0,"parent":0,"menu_order":0,"comment_status":"closed","ping_status":"open","template":"policy.php","meta":{"_acf_changed":false,"footnotes":""},"class_list":["post-78","page","type-page","status-publish","hentry"],"acf":[],"yoast_head":"<!-- This site is optimized with the Yoast SEO plugin v20.13 - https:\/\/yoast.com\/wordpress\/plugins\/seo\/ -->\n<title>Politic\u0103 de confiden\u021bialitate - Mellowdy Studios<\/title>\n<meta name=\"description\" content=\"Polished soundwaves through hi-fi studio gear\" \/>\n<meta name=\"robots\" content=\"index, follow, max-snippet:-1, max-image-preview:large, max-video-preview:-1\" \/>\n<link rel=\"canonical\" href=\"https:\/\/mellowdystudios.com\/ro\/privacy-policy\/\" \/>\n<meta property=\"og:locale\" content=\"ro_RO\" \/>\n<meta property=\"og:type\" content=\"article\" \/>\n<meta property=\"og:title\" content=\"Politic\u0103 de confiden\u021bialitate - Mellowdy Studios\" \/>\n<meta property=\"og:description\" content=\"La Mellowdy Studios, accesibil de pe https:\/\/mellowdystudios.com, una dintre priorit\u0103\u021bile noastre principale este confiden\u021bialitatea vizitatorilor no\u0219tri. Acest document [&hellip;]\" \/>\n<meta property=\"og:url\" content=\"https:\/\/mellowdystudios.com\/ro\/privacy-policy\/\" \/>\n<meta property=\"og:site_name\" content=\"Mellowdy Studios\" \/>\n<meta property=\"article:modified_time\" content=\"2023-04-27T07:45:43+00:00\" \/>\n<meta name=\"twitter:card\" content=\"summary_large_image\" \/>\n<script type=\"application\/ld+json\" class=\"yoast-schema-graph\">{\"@context\":\"https:\/\/schema.org\",\"@graph\":[{\"@type\":\"WebPage\",\"@id\":\"https:\/\/mellowdystudios.com\/ro\/privacy-policy\/\",\"url\":\"https:\/\/mellowdystudios.com\/ro\/privacy-policy\/\",\"name\":\"Politic\u0103 de confiden\u021bialitate - Mellowdy Studios\",\"isPartOf\":{\"@id\":\"https:\/\/mellowdystudios.com\/ro\/#website\"},\"datePublished\":\"2021-08-20T14:25:37+00:00\",\"dateModified\":\"2023-04-27T07:45:43+00:00\",\"breadcrumb\":{\"@id\":\"https:\/\/mellowdystudios.com\/ro\/privacy-policy\/#breadcrumb\"},\"inLanguage\":\"ro-RO\",\"potentialAction\":[{\"@type\":\"ReadAction\",\"target\":[\"https:\/\/mellowdystudios.com\/ro\/privacy-policy\/\"]}]},{\"@type\":\"BreadcrumbList\",\"@id\":\"https:\/\/mellowdystudios.com\/ro\/privacy-policy\/#breadcrumb\",\"itemListElement\":[{\"@type\":\"ListItem\",\"position\":1,\"name\":\"Home\",\"item\":\"https:\/\/mellowdystudios.com\/ro\/\"},{\"@type\":\"ListItem\",\"position\":2,\"name\":\"Politic\u0103 de confiden\u021bialitate\"}]},{\"@type\":\"WebSite\",\"@id\":\"https:\/\/mellowdystudios.com\/ro\/#website\",\"url\":\"https:\/\/mellowdystudios.com\/ro\/\",\"name\":\"Mellowdy Studios\",\"description\":\"Polished soundwaves through hi-fi studio gear\",\"potentialAction\":[{\"@type\":\"SearchAction\",\"target\":{\"@type\":\"EntryPoint\",\"urlTemplate\":\"https:\/\/mellowdystudios.com\/ro\/?s={search_term_string}\"},\"query-input\":\"required name=search_term_string\"}],\"inLanguage\":\"ro-RO\"}]}<\/script>\n<!-- \/ Yoast SEO plugin. -->","yoast_head_json":{"title":"Politic\u0103 de confiden\u021bialitate - Mellowdy Studios","description":"Polished soundwaves through hi-fi studio gear","robots":{"index":"index","follow":"follow","max-snippet":"max-snippet:-1","max-image-preview":"max-image-preview:large","max-video-preview":"max-video-preview:-1"},"canonical":"https:\/\/mellowdystudios.com\/ro\/privacy-policy\/","og_locale":"ro_RO","og_type":"article","og_title":"Politic\u0103 de confiden\u021bialitate - Mellowdy Studios","og_description":"La Mellowdy Studios, accesibil de pe https:\/\/mellowdystudios.com, una dintre priorit\u0103\u021bile noastre principale este confiden\u021bialitatea vizitatorilor no\u0219tri. Acest document [&hellip;]","og_url":"https:\/\/mellowdystudios.com\/ro\/privacy-policy\/","og_site_name":"Mellowdy Studios","article_modified_time":"2023-04-27T07:45:43+00:00","twitter_card":"summary_large_image","schema":{"@context":"https:\/\/schema.org","@graph":[{"@type":"WebPage","@id":"https:\/\/mellowdystudios.com\/ro\/privacy-policy\/","url":"https:\/\/mellowdystudios.com\/ro\/privacy-policy\/","name":"Politic\u0103 de confiden\u021bialitate - Mellowdy Studios","isPartOf":{"@id":"https:\/\/mellowdystudios.com\/ro\/#website"},"datePublished":"2021-08-20T14:25:37+00:00","dateModified":"2023-04-27T07:45:43+00:00","breadcrumb":{"@id":"https:\/\/mellowdystudios.com\/ro\/privacy-policy\/#breadcrumb"},"inLanguage":"ro-RO","potentialAction":[{"@type":"ReadAction","target":["https:\/\/mellowdystudios.com\/ro\/privacy-policy\/"]}]},{"@type":"BreadcrumbList","@id":"https:\/\/mellowdystudios.com\/ro\/privacy-policy\/#breadcrumb","itemListElement":[{"@type":"ListItem","position":1,"name":"Home","item":"https:\/\/mellowdystudios.com\/ro\/"},{"@type":"ListItem","position":2,"name":"Politic\u0103 de confiden\u021bialitate"}]},{"@type":"WebSite","@id":"https:\/\/mellowdystudios.com\/ro\/#website","url":"https:\/\/mellowdystudios.com\/ro\/","name":"Mellowdy Studios","description":"Polished soundwaves through hi-fi studio gear","potentialAction":[{"@type":"SearchAction","target":{"@type":"EntryPoint","urlTemplate":"https:\/\/mellowdystudios.com\/ro\/?s={search_term_string}"},"query-input":"required name=search_term_string"}],"inLanguage":"ro-RO"}]}},"_links":{"self":[{"href":"https:\/\/mellowdystudios.com\/ro\/wp-json\/wp\/v2\/pages\/78","targetHints":{"allow":["GET"]}}],"collection":[{"href":"https:\/\/mellowdystudios.com\/ro\/wp-json\/wp\/v2\/pages"}],"about":[{"href":"https:\/\/mellowdystudios.com\/ro\/wp-json\/wp\/v2\/types\/page"}],"author":[{"embeddable":true,"href":"https:\/\/mellowdystudios.com\/ro\/wp-json\/wp\/v2\/users\/1"}],"replies":[{"embeddable":true,"href":"https:\/\/mellowdystudios.com\/ro\/wp-json\/wp\/v2\/comments?post=78"}],"version-history":[{"count":11,"href":"https:\/\/mellowdystudios.com\/ro\/wp-json\/wp\/v2\/pages\/78\/revisions"}],"predecessor-version":[{"id":2482,"href":"https:\/\/mellowdystudios.com\/ro\/wp-json\/wp\/v2\/pages\/78\/revisions\/2482"}],"wp:attachment":[{"href":"https:\/\/mellowdystudios.com\/ro\/wp-json\/wp\/v2\/media?parent=78"}],"curies":[{"name":"wp","href":"https:\/\/api.w.org\/{rel}","templated":true}]}}