{"id":80,"date":"2021-08-20T14:26:02","date_gmt":"2021-08-20T14:26:02","guid":{"rendered":"https:\/\/staging.mellowdystudios.com\/?page_id=80"},"modified":"2023-04-24T09:30:50","modified_gmt":"2023-04-24T09:30:50","slug":"termeni-si-conditii","status":"publish","type":"page","link":"https:\/\/mellowdystudios.com\/ro\/termeni-si-conditii\/","title":{"rendered":"Termeni si Condi\u021bii"},"content":{"rendered":"\n<h2 class=\"wp-block-heading\">Termeni si Condi\u021bii<\/h2>\n\n\n\n<p>Bine a\u021bi venit la Mellowdy Studios!<\/p>\n\n\n\n<p>Ace\u0219ti termeni \u0219i condi\u021bii descriu regulile \u0219i regulamentele de utilizare a site-ului Valid Blocks, situat la adresa <a href=\"https:\/\/mellowdys.com\">https:\/\/mellowdystudios.com<\/a><\/p>\n\n\n\n<p>Prin accesarea acestui site web, presupunem c\u0103 accepta\u021bi ace\u0219ti termeni \u0219i condi\u021bii. Nu continua\u021bi s\u0103 utiliza\u021bi Mellowdy Studios dac\u0103 nu sunte\u021bi de acord s\u0103 accepta\u021bi to\u021bi termenii \u0219i condi\u021biile men\u021bionate pe aceast\u0103 pagin\u0103. Termenii \u0219i condi\u021biile noastre au fost create cu ajutorul Generatorului de termeni \u0219i condi\u021bii \u0219i al Generatorului gratuit de termeni \u0219i condi\u021bii.<\/p>\n\n\n\n<p>Urm\u0103toarea terminologie se aplic\u0103 acestor Termeni \u0219i condi\u021bii, Declara\u021biei de confiden\u021bialitate \u0219i Avizului de declinare a responsabilit\u0103\u021bii \u0219i tuturor Acordurilor: &#8220;Client&#8221;, &#8220;Dumneavoastr\u0103&#8221; \u0219i &#8220;Dumneavoastr\u0103&#8221; se refer\u0103 la dumneavoastr\u0103, persoana care acceseaz\u0103 acest site \u0219i care se conformeaz\u0103 termenilor \u0219i condi\u021biilor Companiei. &#8220;Compania&#8221;, &#8220;Noi&#8221;, &#8220;Compania&#8221;, &#8220;Noi&#8221;, &#8220;Compania noastr\u0103&#8221; \u0219i &#8220;Noi&#8221;, se refer\u0103 la Compania noastr\u0103. &#8220;Partea&#8221;, &#8220;P\u0103r\u021bile&#8221;, &#8220;P\u0103r\u021bile&#8221; sau &#8220;Noi&#8221;, se refer\u0103 at\u00e2t la Client, c\u00e2t \u0219i la noi \u00een\u0219ine. To\u021bi termenii se refer\u0103 la oferirea, acceptarea \u0219i luarea \u00een considerare a pl\u0103\u021bii necesare pentru a \u00eentreprinde procesul de asisten\u021b\u0103 din partea noastr\u0103 c\u0103tre Client \u00een modul cel mai adecvat \u00een scopul expres de a satisface nevoile Clientului \u00een ceea ce prive\u0219te furnizarea serviciilor declarate ale Companiei, \u00een conformitate cu \u0219i sub rezerva legisla\u021biei \u00een vigoare din \u021a\u0103rile de Jos. Orice utilizare a terminologiei de mai sus sau a altor cuvinte la singular, plural, majuscul\u0103 \u0219i\/sau el\/ea sau ei, sunt considerate ca fiind interschimbabile \u0219i, prin urmare, ca referindu-se la acela\u0219i lucru.<\/p>\n\n\n\n<h2 class=\"wp-block-heading\">Cookies<\/h2>\n\n\n\n<p>Prin accesarea Mellowdy Studios, a\u021bi fost de acord cu utilizarea cookie-urilor \u00een conformitate cu Politica de confiden\u021bialitate a Valid Blocks.<\/p>\n\n\n\n<p>Majoritatea site-urilor web interactive folosesc cookie-uri pentru a ne permite s\u0103 recuper\u0103m detaliile utilizatorului la fiecare vizit\u0103. Cookie-urile sunt folosite de site-ul nostru pentru a permite func\u021bionalitatea anumitor zone, pentru a facilita vizitarea site-ului nostru. Unii dintre partenerii no\u0219tri afilia\u021bi\/publicitari pot utiliza, de asemenea, cookie-uri.<\/p>\n\n\n\n<h2 class=\"wp-block-heading\">Licen\u021b\u0103<\/h2>\n\n\n\n<p>Cu excep\u021bia cazului \u00een care se specific\u0103 altfel, Mellowdy Studios \u0219i\/sau licen\u021biatorii s\u0103i de\u021bin drepturile de proprietate intelectual\u0103 pentru toate materialele de pe Mellowdy Studios. Toate drepturile de proprietate intelectual\u0103 sunt rezervate. Pute\u021bi accesa acest lucru din Mellowdy Studios pentru uz personal, sub rezerva restric\u021biilor stabilite \u00een ace\u0219ti termeni \u0219i condi\u021bii.<\/p>\n\n\n\n<p>Nu trebuie s\u0103:<\/p>\n\n\n\n<ul class=\"wp-block-list\">\n<li>Republicarea materialului din Valid Blocks<\/li>\n\n\n\n<li>V\u00e2nzarea, \u00eenchirierea sau sublicen\u021bierea materialelor din Valid Blocks<\/li>\n\n\n\n<li>Reproducerea, duplicarea sau copierea materialelor din Valid Blocks<\/li>\n\n\n\n<li>Redistribuirea con\u021binutului din Valid Blocks<\/li>\n<\/ul>\n\n\n\n<p>Prezentul acord intr\u0103 \u00een vigoare la data prezentului acord.<\/p>\n\n\n\n<p>Unele p\u0103r\u021bi ale acestui site web ofer\u0103 utilizatorilor posibilitatea de a posta \u0219i de a face schimb de opinii \u0219i informa\u021bii \u00een anumite zone ale site-ului web. Mellowdy Studios nu filtreaz\u0103, nu editeaz\u0103, nu public\u0103 \u0219i nu revizuie\u0219te comentariile \u00eenainte de prezen\u021ba lor pe site-ul web. Comentariile nu reflect\u0103 punctele de vedere \u0219i opiniile Mellowdy Studios, ale agen\u021bilor \u0219i\/sau afilia\u021bilor s\u0103i. Comentariile reflect\u0103 punctele de vedere \u0219i opiniile persoanei care le posteaz\u0103. \u00cen m\u0103sura permis\u0103 de legile aplicabile, Mellowdy Studios nu va fi r\u0103spunz\u0103toare pentru Comentarii sau pentru orice r\u0103spundere, daune sau cheltuieli cauzate \u0219i\/sau suferite ca urmare a utiliz\u0103rii \u0219i\/sau public\u0103rii \u0219i\/sau apari\u021biei Comentariilor pe acest site web.<\/p>\n\n\n\n<p>Mellowdy Studios \u00ee\u0219i rezerv\u0103 dreptul de a monitoriza toate Comentariile \u0219i de a elimina orice Comentariu care poate fi considerat nepotrivit, ofensator sau care cauzeaz\u0103 \u00eenc\u0103lcarea acestor Termeni \u0219i Condi\u021bii.<\/p>\n\n\n\n<p>Garanta\u021bi \u0219i declara\u021bi c\u0103:<\/p>\n\n\n\n<ul class=\"wp-block-list\">\n<li>Ave\u021bi dreptul de a posta comentariile pe site-ul nostru \u0219i ave\u021bi toate licen\u021bele \u0219i consim\u021b\u0103mintele necesare pentru a face acest lucru.<\/li>\n\n\n\n<li>Comentariile nu \u00eencalc\u0103 niciun drept de proprietate intelectual\u0103, inclusiv, dar f\u0103r\u0103 a se limita la drepturi de autor, brevete sau m\u0103rci comerciale ale unei ter\u021be p\u0103r\u021bi.<\/li>\n\n\n\n<li>Comentariile nu con\u021bin materiale def\u0103im\u0103toare, calomnioase, jignitoare, indecente sau materiale ilegale care reprezint\u0103 o \u00eenc\u0103lcare a vie\u021bii private.<\/li>\n\n\n\n<li>Comentariile nu vor fi folosite pentru a solicita sau promova afaceri sau obiceiuri sau pentru a prezenta activit\u0103\u021bi comerciale sau activit\u0103\u021bi ilegale.<\/li>\n<\/ul>\n\n\n\n<p>Prin prezenta, \u00eei acorda\u021bi lui Mellowdy Studios o licen\u021b\u0103 neexclusiv\u0103 pentru a utiliza, reproduce, edita \u0219i autoriza pe al\u021bii s\u0103 utilizeze, reproduc\u0103 \u0219i editeze oricare dintre comentariile dvs. \u00een orice form\u0103, format sau suport.<\/p>\n\n\n\n<h2 class=\"wp-block-heading\">Hyperlinking c\u0103tre con\u021binutul nostru<\/h2>\n\n\n\n<p>Urm\u0103toarele organiza\u021bii pot avea un link c\u0103tre site-ul nostru web f\u0103r\u0103 aprobare prealabil\u0103 scris\u0103:<\/p>\n\n\n\n<ul class=\"wp-block-list\">\n<li>Agen\u021bii guvernamentale;<\/li>\n\n\n\n<li>Motoare de c\u0103utare;<\/li>\n\n\n\n<li>Organiza\u021bii de \u0219tiri;<\/li>\n\n\n\n<li>Distribuitorii de anuare online pot avea un link c\u0103tre site-ul nostru web \u00een acela\u0219i mod \u00een care au un hyperlink c\u0103tre site-urile web ale altor \u00eentreprinderi listate;<\/li>\n\n\n\n<li>\u00centreprinderile acreditate la nivel de sistem, cu excep\u021bia organiza\u021biilor non-profit, a centrelor comerciale de caritate \u0219i a grupurilor de str\u00e2ngere de fonduri de caritate, care nu pot avea un hyperlink c\u0103tre site-ul nostru web.<\/li>\n<\/ul>\n\n\n\n<p>Aceste organiza\u021bii pot avea un link c\u0103tre pagina noastr\u0103 de pornire, c\u0103tre publica\u021bii sau c\u0103tre alte informa\u021bii de pe site-ul web, at\u00e2t timp c\u00e2t link-ul: (a) nu este \u00een niciun fel \u00een\u0219el\u0103toare; (b) nu implic\u0103 \u00een mod fals sponsorizarea, aprobarea sau aprobarea p\u0103r\u021bii care face leg\u0103tura \u0219i a produselor \u0219i\/sau serviciilor sale; \u0219i (c) se \u00eencadreaz\u0103 \u00een contextul site-ului p\u0103r\u021bii care face leg\u0103tura.<\/p>\n\n\n\n<p>Este posibil s\u0103 lu\u0103m \u00een considerare \u0219i s\u0103 aprob\u0103m alte solicit\u0103ri de linkuri din partea urm\u0103toarelor tipuri de organiza\u021bii:<\/p>\n\n\n\n<ul class=\"wp-block-list\">\n<li>surse de informare cunoscute \u00een mod obi\u0219nuit de c\u0103tre consumatori \u0219i\/sau \u00eentreprinderi;<\/li>\n\n\n\n<li>site-uri comunitare dot.com;<\/li>\n\n\n\n<li>asocia\u021bii sau alte grupuri care reprezint\u0103 organiza\u021bii de caritate;<\/li>\n\n\n\n<li>distribuitori de anuare online;<\/li>\n\n\n\n<li>portaluri de internet;<\/li>\n\n\n\n<li>firme de contabilitate, de avocatur\u0103 \u0219i de consultan\u021b\u0103;<\/li>\n\n\n\n<li>institu\u021bii de \u00eenv\u0103\u021b\u0103m\u00e2nt \u0219i asocia\u021bii comerciale.<\/li>\n<\/ul>\n\n\n\n<p>Vom aproba cererile de linkuri de la aceste organiza\u021bii dac\u0103 vom decide acest lucru: (a) link-ul nu ne-ar face s\u0103 ar\u0103t\u0103m nefavorabil pentru noi sau pentru afacerile noastre acreditate; (b) organiza\u021bia nu are \u00eenregistr\u0103ri negative cu noi; (c) beneficiul pentru noi din vizibilitatea hyperlink-ului compenseaz\u0103 absen\u021ba Mellowdy Studios; \u0219i (d) link-ul este \u00een contextul informa\u021biilor generale despre resurse.<\/p>\n\n\n\n<p>Aceste organiza\u021bii pot avea un link c\u0103tre pagina noastr\u0103 de pornire at\u00e2ta timp c\u00e2t link-ul: (a) nu este \u00een niciun fel \u00een\u0219el\u0103toare; (b) nu implic\u0103 \u00een mod fals sponsorizarea, sus\u021binerea sau aprobarea p\u0103r\u021bii care face leg\u0103tura \u0219i a produselor sau serviciilor sale; \u0219i (c) se \u00eencadreaz\u0103 \u00een contextul site-ului p\u0103r\u021bii care face leg\u0103tura.<\/p>\n\n\n\n<p>\u00cen cazul \u00een care sunte\u021bi una dintre organiza\u021biile enumerate la punctul 2 de mai sus \u0219i sunte\u021bi interesat s\u0103 crea\u021bi un link c\u0103tre site-ul nostru, trebuie s\u0103 ne informa\u021bi prin trimiterea unui e-mail la Mellowdy Studios. V\u0103 rug\u0103m s\u0103 include\u021bi numele dvs., numele organiza\u021biei dvs., informa\u021biile de contact, precum \u0219i URL-ul site-ului dvs., o list\u0103 a tuturor URL-urilor de la care inten\u021biona\u021bi s\u0103 v\u0103 conecta\u021bi la site-ul nostru \u0219i o list\u0103 a URL-urilor de pe site-ul nostru c\u0103tre care dori\u021bi s\u0103 v\u0103 conecta\u021bi. A\u0219tepta\u021bi 2-3 s\u0103pt\u0103m\u00e2ni pentru un r\u0103spuns.<\/p>\n\n\n\n<p>Organiza\u021biile aprobate pot crea hyperlink-uri c\u0103tre site-ul nostru web dup\u0103 cum urmeaz\u0103:<\/p>\n\n\n\n<ul class=\"wp-block-list\">\n<li>Prin utilizarea denumirii noastre corporative;<\/li>\n\n\n\n<li>Prin utilizarea localizatorului uniform de resurse c\u0103tre care se face leg\u0103tura; sau<\/li>\n\n\n\n<li>prin utilizarea oric\u0103rei alte descrieri a site-ului nostru web la care se face leg\u0103tura, care are sens \u00een contextul \u0219i formatul con\u021binutului de pe site-ul p\u0103r\u021bii care face leg\u0103tura.<\/li>\n<\/ul>\n\n\n\n<p>Nu va fi permis\u0103 nicio utilizare a logo-ului Mellowdy Studios sau a altor elemente artistice pentru crearea de link-uri \u00een absen\u021ba unui acord de licen\u021b\u0103 de marc\u0103 comercial\u0103.<\/p>\n\n\n\n<h2 class=\"wp-block-heading\">iFrames<\/h2>\n\n\n\n<p>F\u0103r\u0103 aprobare prealabil\u0103 \u0219i permisiune scris\u0103, nu ave\u021bi voie s\u0103 crea\u021bi rame \u00een jurul paginilor noastre web care s\u0103 modifice \u00een vreun fel prezentarea vizual\u0103 sau aspectul site-ului nostru web.<\/p>\n\n\n\n<h2 class=\"wp-block-heading\">R\u0103spunderea pentru con\u021binut<\/h2>\n\n\n\n<p>Nu vom fi considera\u021bi responsabili pentru niciun con\u021binut care apare pe site-ul dvs. web. Sunte\u021bi de acord s\u0103 ne proteja\u021bi \u0219i s\u0103 ne ap\u0103ra\u021bi \u00eempotriva tuturor reclama\u021biilor care se ridic\u0103 pe site-ul dvs. web. Nu trebuie s\u0103 apar\u0103 niciun link(uri) pe un site web care poate fi interpretat ca fiind def\u0103im\u0103tor, obscen sau criminal, sau care \u00eencalc\u0103, \u00eencalc\u0103 sau sus\u021bine \u00eenc\u0103lcarea sau alte \u00eenc\u0103lc\u0103ri ale drepturilor unei ter\u021be p\u0103r\u021bi.<\/p>\n\n\n\n<h2 class=\"wp-block-heading\">Confiden\u021bialitatea dvs.<\/h2>\n\n\n\n<p>V\u0103 rug\u0103m s\u0103 citi\u021bi <a href=\"\/privacy-policy\/\">Privacy Policy<\/a><\/p>\n\n\n\n<h2 class=\"wp-block-heading\">Rezervare de drepturi<\/h2>\n\n\n\n<p>Ne rezerv\u0103m dreptul de a v\u0103 solicita s\u0103 elimina\u021bi toate linkurile sau orice link specific c\u0103tre site-ul nostru web. Sunte\u021bi de acord s\u0103 elimina\u021bi imediat toate linkurile c\u0103tre site-ul nostru web la cerere. Ne rezerv\u0103m, de asemenea, dreptul de a modifica \u00een orice moment ace\u0219ti termeni \u0219i condi\u021bii \u0219i politica de creare de linkuri. Prin conectarea continu\u0103 la site-ul nostru web, sunte\u021bi de acord s\u0103 v\u0103 supune\u021bi \u0219i s\u0103 respecta\u021bi ace\u0219ti termeni \u0219i condi\u021bii de conectare.<\/p>\n\n\n\n<h2 class=\"wp-block-heading\">Eliminarea linkurilor de pe site-ul nostru<\/h2>\n\n\n\n<p>\u00cen cazul \u00een care g\u0103si\u021bi pe site-ul nostru un link care este ofensator din orice motiv, sunte\u021bi liber s\u0103 ne contacta\u021bi \u0219i s\u0103 ne informa\u021bi \u00een orice moment. Vom lua \u00een considerare cererile de eliminare a linkurilor, dar nu suntem obliga\u021bi s\u0103 facem acest lucru sau s\u0103 v\u0103 r\u0103spundem direct.<\/p>\n\n\n\n<p>Nu ne asigur\u0103m c\u0103 informa\u021biile de pe acest site sunt corecte, nu garant\u0103m integralitatea sau acurate\u021bea acestora \u0219i nici nu promitem s\u0103 ne asigur\u0103m c\u0103 site-ul r\u0103m\u00e2ne disponibil sau c\u0103 materialul de pe site este actualizat.<\/p>\n\n\n\n<h2 class=\"wp-block-heading\">Renun\u021bare de r\u0103spundere<\/h2>\n\n\n\n<p>\u00cen m\u0103sura maxim\u0103 permis\u0103 de legea aplicabil\u0103, excludem toate declara\u021biile, garan\u021biile \u0219i condi\u021biile referitoare la site-ul nostru web \u0219i la utilizarea acestuia. Nimic din aceast\u0103 clauz\u0103 de renun\u021bare nu va:<\/p>\n\n\n\n<ul class=\"wp-block-list\">\n<li>limitarea sau excluderea r\u0103spunderii noastre sau a dumneavoastr\u0103 pentru deces sau v\u0103t\u0103mare corporal\u0103;<\/li>\n\n\n\n<li>limitarea sau excluderea r\u0103spunderii noastre sau a dumneavoastr\u0103 pentru fraud\u0103 sau fals \u00een declara\u021bii frauduloase;<\/li>\n\n\n\n<li>limitarea oric\u0103reia dintre responsabilit\u0103\u021bile noastre sau ale dumneavoastr\u0103 \u00een orice mod care nu este permis de legisla\u021bia aplicabil\u0103; sau<\/li>\n\n\n\n<li>s\u0103 exclud\u0103 orice r\u0103spundere a noastr\u0103 sau a dumneavoastr\u0103 care nu poate fi exclus\u0103 \u00een conformitate cu legisla\u021bia aplicabil\u0103.<\/li>\n<\/ul>\n\n\n\n<p>Limit\u0103rile \u0219i interdic\u021biile de r\u0103spundere stabilite \u00een aceast\u0103 sec\u021biune \u0219i \u00een alte p\u0103r\u021bi ale acestei declara\u021bii de exonerare de r\u0103spundere: (a) fac obiectul paragrafului precedent; \u0219i (b) reglementeaz\u0103 toate r\u0103spunderile care decurg din aceast\u0103 declara\u021bie de exonerare de r\u0103spundere, inclusiv r\u0103spunderile care decurg din contract, din r\u0103spundere civil\u0103 delictual\u0103 \u0219i pentru \u00eenc\u0103lcarea obliga\u021biilor legale.<\/p>\n\n\n\n<p>At\u00e2ta timp c\u00e2t site-ul web \u0219i informa\u021biile \u0219i serviciile de pe site-ul web sunt furnizate gratuit, nu vom fi r\u0103spunz\u0103tori pentru nicio pierdere sau daun\u0103 de orice natur\u0103.<\/p>\n","protected":false},"excerpt":{"rendered":"<p>Termeni si Condi\u021bii Bine a\u021bi venit la Mellowdy Studios! Ace\u0219ti termeni \u0219i condi\u021bii descriu regulile \u0219i regulamentele de [&hellip;]<\/p>\n","protected":false},"author":1,"featured_media":0,"parent":0,"menu_order":0,"comment_status":"closed","ping_status":"closed","template":"terms.php","meta":{"_acf_changed":false,"footnotes":""},"class_list":["post-80","page","type-page","status-publish","hentry"],"acf":[],"yoast_head":"<!-- This site is optimized with the Yoast SEO plugin v20.13 - https:\/\/yoast.com\/wordpress\/plugins\/seo\/ -->\n<title>Termeni si Condi\u021bii - Mellowdy Studios<\/title>\n<meta name=\"description\" content=\"Polished soundwaves through hi-fi studio gear\" \/>\n<meta name=\"robots\" content=\"index, follow, max-snippet:-1, max-image-preview:large, max-video-preview:-1\" \/>\n<link rel=\"canonical\" href=\"https:\/\/mellowdystudios.com\/ro\/termeni-si-conditii\/\" \/>\n<meta property=\"og:locale\" content=\"ro_RO\" \/>\n<meta property=\"og:type\" content=\"article\" \/>\n<meta property=\"og:title\" content=\"Termeni si Condi\u021bii - Mellowdy Studios\" \/>\n<meta property=\"og:description\" content=\"Termeni si Condi\u021bii Bine a\u021bi venit la Mellowdy Studios! Ace\u0219ti termeni \u0219i condi\u021bii descriu regulile \u0219i regulamentele de [&hellip;]\" \/>\n<meta property=\"og:url\" content=\"https:\/\/mellowdystudios.com\/ro\/termeni-si-conditii\/\" \/>\n<meta property=\"og:site_name\" content=\"Mellowdy Studios\" \/>\n<meta property=\"article:modified_time\" content=\"2023-04-24T09:30:50+00:00\" \/>\n<meta name=\"twitter:card\" content=\"summary_large_image\" \/>\n<script type=\"application\/ld+json\" class=\"yoast-schema-graph\">{\"@context\":\"https:\/\/schema.org\",\"@graph\":[{\"@type\":\"WebPage\",\"@id\":\"https:\/\/mellowdystudios.com\/ro\/termeni-si-conditii\/\",\"url\":\"https:\/\/mellowdystudios.com\/ro\/termeni-si-conditii\/\",\"name\":\"Termeni si Condi\u021bii - Mellowdy Studios\",\"isPartOf\":{\"@id\":\"https:\/\/mellowdystudios.com\/ro\/#website\"},\"datePublished\":\"2021-08-20T14:26:02+00:00\",\"dateModified\":\"2023-04-24T09:30:50+00:00\",\"breadcrumb\":{\"@id\":\"https:\/\/mellowdystudios.com\/ro\/termeni-si-conditii\/#breadcrumb\"},\"inLanguage\":\"ro-RO\",\"potentialAction\":[{\"@type\":\"ReadAction\",\"target\":[\"https:\/\/mellowdystudios.com\/ro\/termeni-si-conditii\/\"]}]},{\"@type\":\"BreadcrumbList\",\"@id\":\"https:\/\/mellowdystudios.com\/ro\/termeni-si-conditii\/#breadcrumb\",\"itemListElement\":[{\"@type\":\"ListItem\",\"position\":1,\"name\":\"Home\",\"item\":\"https:\/\/mellowdystudios.com\/ro\/\"},{\"@type\":\"ListItem\",\"position\":2,\"name\":\"Termeni si Condi\u021bii\"}]},{\"@type\":\"WebSite\",\"@id\":\"https:\/\/mellowdystudios.com\/ro\/#website\",\"url\":\"https:\/\/mellowdystudios.com\/ro\/\",\"name\":\"Mellowdy Studios\",\"description\":\"Polished soundwaves through hi-fi studio gear\",\"potentialAction\":[{\"@type\":\"SearchAction\",\"target\":{\"@type\":\"EntryPoint\",\"urlTemplate\":\"https:\/\/mellowdystudios.com\/ro\/?s={search_term_string}\"},\"query-input\":\"required name=search_term_string\"}],\"inLanguage\":\"ro-RO\"}]}<\/script>\n<!-- \/ Yoast SEO plugin. -->","yoast_head_json":{"title":"Termeni si Condi\u021bii - Mellowdy Studios","description":"Polished soundwaves through hi-fi studio gear","robots":{"index":"index","follow":"follow","max-snippet":"max-snippet:-1","max-image-preview":"max-image-preview:large","max-video-preview":"max-video-preview:-1"},"canonical":"https:\/\/mellowdystudios.com\/ro\/termeni-si-conditii\/","og_locale":"ro_RO","og_type":"article","og_title":"Termeni si Condi\u021bii - Mellowdy Studios","og_description":"Termeni si Condi\u021bii Bine a\u021bi venit la Mellowdy Studios! Ace\u0219ti termeni \u0219i condi\u021bii descriu regulile \u0219i regulamentele de [&hellip;]","og_url":"https:\/\/mellowdystudios.com\/ro\/termeni-si-conditii\/","og_site_name":"Mellowdy Studios","article_modified_time":"2023-04-24T09:30:50+00:00","twitter_card":"summary_large_image","schema":{"@context":"https:\/\/schema.org","@graph":[{"@type":"WebPage","@id":"https:\/\/mellowdystudios.com\/ro\/termeni-si-conditii\/","url":"https:\/\/mellowdystudios.com\/ro\/termeni-si-conditii\/","name":"Termeni si Condi\u021bii - Mellowdy Studios","isPartOf":{"@id":"https:\/\/mellowdystudios.com\/ro\/#website"},"datePublished":"2021-08-20T14:26:02+00:00","dateModified":"2023-04-24T09:30:50+00:00","breadcrumb":{"@id":"https:\/\/mellowdystudios.com\/ro\/termeni-si-conditii\/#breadcrumb"},"inLanguage":"ro-RO","potentialAction":[{"@type":"ReadAction","target":["https:\/\/mellowdystudios.com\/ro\/termeni-si-conditii\/"]}]},{"@type":"BreadcrumbList","@id":"https:\/\/mellowdystudios.com\/ro\/termeni-si-conditii\/#breadcrumb","itemListElement":[{"@type":"ListItem","position":1,"name":"Home","item":"https:\/\/mellowdystudios.com\/ro\/"},{"@type":"ListItem","position":2,"name":"Termeni si Condi\u021bii"}]},{"@type":"WebSite","@id":"https:\/\/mellowdystudios.com\/ro\/#website","url":"https:\/\/mellowdystudios.com\/ro\/","name":"Mellowdy Studios","description":"Polished soundwaves through hi-fi studio gear","potentialAction":[{"@type":"SearchAction","target":{"@type":"EntryPoint","urlTemplate":"https:\/\/mellowdystudios.com\/ro\/?s={search_term_string}"},"query-input":"required name=search_term_string"}],"inLanguage":"ro-RO"}]}},"_links":{"self":[{"href":"https:\/\/mellowdystudios.com\/ro\/wp-json\/wp\/v2\/pages\/80","targetHints":{"allow":["GET"]}}],"collection":[{"href":"https:\/\/mellowdystudios.com\/ro\/wp-json\/wp\/v2\/pages"}],"about":[{"href":"https:\/\/mellowdystudios.com\/ro\/wp-json\/wp\/v2\/types\/page"}],"author":[{"embeddable":true,"href":"https:\/\/mellowdystudios.com\/ro\/wp-json\/wp\/v2\/users\/1"}],"replies":[{"embeddable":true,"href":"https:\/\/mellowdystudios.com\/ro\/wp-json\/wp\/v2\/comments?post=80"}],"version-history":[{"count":5,"href":"https:\/\/mellowdystudios.com\/ro\/wp-json\/wp\/v2\/pages\/80\/revisions"}],"predecessor-version":[{"id":2455,"href":"https:\/\/mellowdystudios.com\/ro\/wp-json\/wp\/v2\/pages\/80\/revisions\/2455"}],"wp:attachment":[{"href":"https:\/\/mellowdystudios.com\/ro\/wp-json\/wp\/v2\/media?parent=80"}],"curies":[{"name":"wp","href":"https:\/\/api.w.org\/{rel}","templated":true}]}}